{"id":54,"date":"2019-07-26T16:45:12","date_gmt":"2019-07-26T16:45:12","guid":{"rendered":"https:\/\/mchconsultingusa.com\/?page_id=54"},"modified":"2025-02-27T09:36:20","modified_gmt":"2025-02-27T14:36:20","slug":"contact-mch-consulting","status":"publish","type":"page","link":"https:\/\/mchconsultingusa.com\/fr\/a-propos-de-nous\/contact-mch-consulting\/","title":{"rendered":"Contactez-nous"},"content":{"rendered":"\n<div class=\"wp-block-buttons is-layout-flex wp-block-buttons-is-layout-flex\">\n<div class=\"wp-block-button float-right\"><a class=\"wp-block-button__link has-background wp-element-button\" href=\"https:\/\/calendly.com\/fabrice-mchconsultingusa\" style=\"background-color:#0c1940\" target=\"_blank\" rel=\"noreferrer noopener\">Prenez rendez-vous pour une consultation de 30 minutes<\/a><\/div>\n<\/div>\n\n\n\n<h4 class=\"wp-block-heading\">Miami<\/h4>\n\n\n\n<p>MCH Consulting USA<br>20803 Biscayne Boulevard<br>Suite 440<br>Aventura, FL 33180<br>United States<\/p>\n\n\n\n<p>T\u00e9l\u00e9phone: <a href=\"tel:+17867855000\">+1 (786) 785-5000<\/a> (Bureaux)<br>T\u00e9l\u00e9phone : <a href=\"tel:+17865213977\">+1 (786) 521-3977<\/a> (Direct)<br>Email: contact@mchconsultingusa.com<\/p>\n\n\n\t\t\t\t<div class = \"wp-block-uagb-gf-styler uagb-gf-styler__outer-wrap uagb-block-02285e62   \">\n\t\t\t\t\t<div class = \"uagb-gf-styler__align-left uagb-gf-styler__field-style-box uagb-gf-styler__gform-heading-none uagb-gf-styler__btn-align-left uagb-gf-styler__btn-align-tablet- uagb-gf-styler__btn-align-mobile- uagb-gf-styler__check-style-enabled\">\n\t\t\t\t\t<script type=\"text\/javascript\">\n\/* <![CDATA[ *\/\nvar gform;gform||(document.addEventListener(\"gform_main_scripts_loaded\",function(){gform.scriptsLoaded=!0}),document.addEventListener(\"gform\/theme\/scripts_loaded\",function(){gform.themeScriptsLoaded=!0}),window.addEventListener(\"DOMContentLoaded\",function(){gform.domLoaded=!0}),gform={domLoaded:!1,scriptsLoaded:!1,themeScriptsLoaded:!1,isFormEditor:()=>\"function\"==typeof InitializeEditor,callIfLoaded:function(o){return!(!gform.domLoaded||!gform.scriptsLoaded||!gform.themeScriptsLoaded&&!gform.isFormEditor()||(gform.isFormEditor()&&console.warn(\"The use of gform.initializeOnLoaded() is deprecated in the form editor context and will be removed in Gravity Forms 3.1.\"),o(),0))},initializeOnLoaded:function(o){gform.callIfLoaded(o)||(document.addEventListener(\"gform_main_scripts_loaded\",()=>{gform.scriptsLoaded=!0,gform.callIfLoaded(o)}),document.addEventListener(\"gform\/theme\/scripts_loaded\",()=>{gform.themeScriptsLoaded=!0,gform.callIfLoaded(o)}),window.addEventListener(\"DOMContentLoaded\",()=>{gform.domLoaded=!0,gform.callIfLoaded(o)}))},hooks:{action:{},filter:{}},addAction:function(o,r,e,t){gform.addHook(\"action\",o,r,e,t)},addFilter:function(o,r,e,t){gform.addHook(\"filter\",o,r,e,t)},doAction:function(o){gform.doHook(\"action\",o,arguments)},applyFilters:function(o){return gform.doHook(\"filter\",o,arguments)},removeAction:function(o,r){gform.removeHook(\"action\",o,r)},removeFilter:function(o,r,e){gform.removeHook(\"filter\",o,r,e)},addHook:function(o,r,e,t,n){null==gform.hooks[o][r]&&(gform.hooks[o][r]=[]);var d=gform.hooks[o][r];null==n&&(n=r+\"_\"+d.length),gform.hooks[o][r].push({tag:n,callable:e,priority:t=null==t?10:t})},doHook:function(r,o,e){var t;if(e=Array.prototype.slice.call(e,1),null!=gform.hooks[r][o]&&((o=gform.hooks[r][o]).sort(function(o,r){return o.priority-r.priority}),o.forEach(function(o){\"function\"!=typeof(t=o.callable)&&(t=window[t]),\"action\"==r?t.apply(null,e):e[0]=t.apply(null,e)})),\"filter\"==r)return e[0]},removeHook:function(o,r,t,n){var e;null!=gform.hooks[o][r]&&(e=(e=gform.hooks[o][r]).filter(function(o,r,e){return!!(null!=n&&n!=o.tag||null!=t&&t!=o.priority)}),gform.hooks[o][r]=e)}});\n\/* ]]> *\/\n<\/script>\n\n                <div class='gf_browser_gecko gform_wrapper gform_legacy_markup_wrapper gform-theme--no-framework gfct_noconflict_wrapper' data-form-theme='legacy' data-form-index='0' id='gform_wrapper_7' ><div id='gf_7' class='gform_anchor' tabindex='-1'><\/div>\n                        <div class='gform_heading'>\n                            <h3 class=\"gform_title\">Contactez-nous<\/h3>\n                            <p class='gform_description'><\/p>\n                        <\/div><form method='post' enctype='multipart\/form-data' target='gform_ajax_frame_7' id='gform_7' class='  gfct_noconflict' action='\/fr\/wp-json\/wp\/v2\/pages\/54#gf_7' data-formid='7' novalidate><div class=\"gf-recaptcha-div\"><\/div> \r\n <input type='hidden' class='gforms-pum' value='{\"closepopup\":false,\"closedelay\":0,\"openpopup\":false,\"openpopup_id\":0}' \/>\n                        <div class='gform-body gform_body'><ul id='gform_fields_7' class='gform_fields top_label form_sublabel_below description_below validation_below'><li id=\"field_7_1\" class=\"gfield gfield--type-text gf_left_third field_sublabel_below gfield--no-description field_description_below field_validation_below gfield_visibility_visible\"  ><label class='gfield_label gform-field-label' for='input_7_1'>Votre nom<\/label><div class='ginput_container ginput_container_text'><input name='input_1' id='input_7_1' type='text' value='' class='medium' maxlength='30'  tabindex='title='   aria-invalid=\"false\"   \/><\/div><\/li><li id=\"field_7_2\" class=\"gfield gfield--type-email gf_middle_third gfield_contains_required field_sublabel_below gfield--no-description field_description_below field_validation_below gfield_visibility_visible\"  ><label class='gfield_label gform-field-label' for='input_7_2'>Votre adresse email<span class=\"gfield_required\"><span class=\"gfield_required gfield_required_asterisk\">*<\/span><\/span><\/label><div class='ginput_container ginput_container_email'>\n                            <input name='input_2' id='input_7_2' type='email' value='' class='medium' tabindex='title='   aria-required=\"true\" aria-invalid=\"false\"  \/>\n                        <\/div><\/li><li id=\"field_7_3\" class=\"gfield gfield--type-phone gf_right_third field_sublabel_below gfield--no-description field_description_below field_validation_below gfield_visibility_visible\"  ><label class='gfield_label gform-field-label' for='input_7_3'>Votre num\u00e9ro de t\u00e9l\u00e9phone<\/label><div class='ginput_container ginput_container_phone'><input name='input_3' id='input_7_3' type='tel' value='' class='medium' tabindex='title='   aria-invalid=\"false\"   \/><\/div><\/li><li id=\"field_7_4\" class=\"gfield gfield--type-textarea field_sublabel_below gfield--no-description field_description_below field_validation_below gfield_visibility_visible\"  ><label class='gfield_label gform-field-label' for='input_7_4'>Votre Message<\/label><div class='ginput_container ginput_container_textarea'><textarea name='input_4' id='input_7_4' class='textarea large' tabindex='title='     aria-invalid=\"false\"   rows='10' cols='50'><\/textarea><\/div><\/li><li id=\"field_7_5\" class=\"gfield gfield--type-captcha field_sublabel_below gfield--no-description field_description_below hidden_label field_validation_below gfield_visibility_visible\"  ><label class='gfield_label gform-field-label screen-reader-text' for='input_7_5'><\/label><div id='input_7_5' class='ginput_container ginput_recaptcha' data-sitekey='6LfPL6wZAAAAAKV6Ra2e-No9uKdqHo0DH0NbmcmR'  data-theme='light' data-tabindex='title='  data-badge=''><\/div><\/li><\/ul><\/div>\n        <div class='gform-footer gform_footer top_label'> <input type='submit' id='gform_submit_button_7' class='gform_button button' onclick='gform.submission.handleButtonClick(this);' data-submission-type='submit' value='Envoyer' tabindex='title=' \/> <input type='hidden' name='gform_ajax' value='form_id=7&amp;title=1&amp;description=1&amp;tabindex=0&amp;theme=legacy&amp;styles=[]&amp;hash=186b5711ef0228db733e4844b7cdc664' \/>\n            <input type='hidden' class='gform_hidden' name='gform_submission_method' data-js='gform_submission_method_7' value='iframe' \/>\n            <input type='hidden' class='gform_hidden' name='gform_theme' data-js='gform_theme_7' id='gform_theme_7' value='legacy' \/>\n            <input type='hidden' class='gform_hidden' name='gform_style_settings' data-js='gform_style_settings_7' id='gform_style_settings_7' value='[]' \/>\n            <input type='hidden' class='gform_hidden' name='is_submit_7' value='1' \/>\n            <input type='hidden' class='gform_hidden' name='gform_submit' value='7' \/>\n            \n            <input type='hidden' class='gform_hidden' name='gform_unique_id' value='' \/>\n            <input type='hidden' class='gform_hidden' name='state_7' value='WyJbXSIsImQ0ZjM4Yzk1MzMzNjhmNTdkYzIyNWVlMjdhZTNiZjA1Il0=' \/>\n            <input type='hidden' autocomplete='off' class='gform_hidden' name='gform_target_page_number_7' id='gform_target_page_number_7' value='0' \/>\n            <input type='hidden' autocomplete='off' class='gform_hidden' name='gform_source_page_number_7' id='gform_source_page_number_7' value='1' \/>\n            <input type='hidden' name='gform_field_values' value='' \/>\n            \n        <\/div>\n                        <\/form>\n                        <\/div>\n\t\t                <iframe style='display:none;width:0px;height:0px;' src='about:blank' name='gform_ajax_frame_7' id='gform_ajax_frame_7' title='Cette iframe contient la logique n\u00e9cessaire pour manipuler Gravity Forms avec Ajax.'><\/iframe>\n\t\t                <script type=\"text\/javascript\">\n\/* <![CDATA[ *\/\n gform.initializeOnLoaded( function() {gformInitSpinner( 7, 'https:\/\/mchconsultingusa.com\/wp-content\/plugins\/gravityforms\/images\/spinner.svg', true );jQuery('#gform_ajax_frame_7').on('load',function(){var contents = jQuery(this).contents().find('*').html();var is_postback = contents.indexOf('GF_AJAX_POSTBACK') >= 0;if(!is_postback){return;}var form_content = jQuery(this).contents().find('#gform_wrapper_7');var is_confirmation = jQuery(this).contents().find('#gform_confirmation_wrapper_7').length > 0;var is_redirect = contents.indexOf('gformRedirect(){') >= 0;var is_form = form_content.length > 0 && ! is_redirect && ! is_confirmation;var mt = parseInt(jQuery('html').css('margin-top'), 10) + parseInt(jQuery('body').css('margin-top'), 10) + 100;if(is_form){jQuery('#gform_wrapper_7').html(form_content.html());if(form_content.hasClass('gform_validation_error')){jQuery('#gform_wrapper_7').addClass('gform_validation_error');} else {jQuery('#gform_wrapper_7').removeClass('gform_validation_error');}setTimeout( function() { \/* delay the scroll by 50 milliseconds to fix a bug in chrome *\/ jQuery(document).scrollTop(jQuery('#gform_wrapper_7').offset().top - mt); }, 50 );if(window['gformInitDatepicker']) {gformInitDatepicker();}if(window['gformInitPriceFields']) {gformInitPriceFields();}var current_page = jQuery('#gform_source_page_number_7').val();gformInitSpinner( 7, 'https:\/\/mchconsultingusa.com\/wp-content\/plugins\/gravityforms\/images\/spinner.svg', true );jQuery(document).trigger('gform_page_loaded', [7, current_page]);window['gf_submitting_7'] = false;}else if(!is_redirect){var confirmation_content = jQuery(this).contents().find('.GF_AJAX_POSTBACK').html();if(!confirmation_content){confirmation_content = contents;}jQuery('#gform_wrapper_7').replaceWith(confirmation_content);jQuery(document).scrollTop(jQuery('#gf_7').offset().top - mt);jQuery(document).trigger('gform_confirmation_loaded', [7]);window['gf_submitting_7'] = false;wp.a11y.speak(jQuery('#gform_confirmation_message_7').text());}else{jQuery('#gform_7').append(contents);if(window['gformRedirect']) {gformRedirect();}}jQuery(document).trigger(\"gform_pre_post_render\", [{ formId: \"7\", currentPage: \"current_page\", abort: function() { this.preventDefault(); } }]);        if (event && event.defaultPrevented) {                return;        }        const gformWrapperDiv = document.getElementById( \"gform_wrapper_7\" );        if ( gformWrapperDiv ) {            const visibilitySpan = document.createElement( \"span\" );            visibilitySpan.id = \"gform_visibility_test_7\";            gformWrapperDiv.insertAdjacentElement( \"afterend\", visibilitySpan );        }        const visibilityTestDiv = document.getElementById( \"gform_visibility_test_7\" );        let postRenderFired = false;        function triggerPostRender() {            if ( postRenderFired ) {                return;            }            postRenderFired = true;            gform.core.triggerPostRenderEvents( 7, current_page );            if ( visibilityTestDiv ) {                visibilityTestDiv.parentNode.removeChild( visibilityTestDiv );            }        }        function debounce( func, wait, immediate ) {            var timeout;            return function() {                var context = this, args = arguments;                var later = function() {                    timeout = null;                    if ( !immediate ) func.apply( context, args );                };                var callNow = immediate && !timeout;                clearTimeout( timeout );                timeout = setTimeout( later, wait );                if ( callNow ) func.apply( context, args );            };        }        const debouncedTriggerPostRender = debounce( function() {            triggerPostRender();        }, 200 );        if ( visibilityTestDiv && visibilityTestDiv.offsetParent === null ) {            const observer = new MutationObserver( ( mutations ) => {                mutations.forEach( ( mutation ) => {                    if ( mutation.type === 'attributes' && visibilityTestDiv.offsetParent !== null ) {                        debouncedTriggerPostRender();                        observer.disconnect();                    }                });            });            observer.observe( document.body, {                attributes: true,                childList: false,                subtree: true,                attributeFilter: [ 'style', 'class' ],            });        } else {            triggerPostRender();        }    } );} ); \n\/* ]]> *\/\n<\/script>\n\t\t\t\t\t<\/div>\n\t\t\t\t<\/div>\n\t\t\t\t","protected":false},"excerpt":{"rendered":"<p>Miami MCH Consulting USA20803 Biscayne BoulevardSuite 440Aventura, FL 33180United States T\u00e9l\u00e9phone: +1 (786) 785-5000 (Bureaux)T\u00e9l\u00e9phone : +1 (786) 521-3977 (Direct)Email: contact@mchconsultingusa.com<\/p>\n","protected":false},"author":10,"featured_media":2738,"parent":52,"menu_order":0,"comment_status":"closed","ping_status":"closed","template":"page-blank-sub-nav-vertical.php","meta":{"_acf_changed":false,"_uag_custom_page_level_css":"","footnotes":""},"class_list":["post-54","page","type-page","status-publish","has-post-thumbnail","hentry"],"acf":[],"yoast_head":"<!-- This site is optimized with the Yoast SEO plugin v26.7 - https:\/\/yoast.com\/wordpress\/plugins\/seo\/ -->\n<title>Contactez MCH Consulting<\/title>\n<meta name=\"robots\" content=\"index, follow, max-snippet:-1, max-image-preview:large, max-video-preview:-1\" \/>\n<link rel=\"canonical\" href=\"https:\/\/mchconsultingusa.com\/fr\/a-propos-de-nous\/contact-mch-consulting\/\" \/>\n<meta property=\"og:locale\" content=\"fr_FR\" \/>\n<meta property=\"og:type\" content=\"article\" \/>\n<meta property=\"og:title\" content=\"Contactez MCH Consulting\" \/>\n<meta property=\"og:description\" content=\"Miami MCH Consulting USA20803 Biscayne BoulevardSuite 440Aventura, FL 33180United States T\u00e9l\u00e9phone: +1 (786) 785-5000 (Bureaux)T\u00e9l\u00e9phone : +1 (786) 521-3977 (Direct)Email: contact@mchconsultingusa.com\" \/>\n<meta property=\"og:url\" content=\"https:\/\/mchconsultingusa.com\/fr\/a-propos-de-nous\/contact-mch-consulting\/\" \/>\n<meta property=\"og:site_name\" content=\"MCH Consulting USA\" \/>\n<meta property=\"article:modified_time\" content=\"2025-02-27T14:36:20+00:00\" \/>\n<meta property=\"og:image\" content=\"https:\/\/mchconsultingusa.com\/wp-content\/uploads\/2020\/03\/monique-herzstein-mch-consulting-logo.png\" \/>\n\t<meta property=\"og:image:width\" content=\"465\" \/>\n\t<meta property=\"og:image:height\" content=\"287\" \/>\n\t<meta property=\"og:image:type\" content=\"image\/png\" \/>\n<meta name=\"twitter:card\" content=\"summary_large_image\" \/>\n<meta name=\"twitter:label1\" content=\"Dur\u00e9e de lecture estim\u00e9e\" \/>\n\t<meta name=\"twitter:data1\" content=\"1 minute\" \/>\n<script type=\"application\/ld+json\" class=\"yoast-schema-graph\">{\"@context\":\"https:\/\/schema.org\",\"@graph\":[{\"@type\":\"WebPage\",\"@id\":\"https:\/\/mchconsultingusa.com\/fr\/a-propos-de-nous\/contact-mch-consulting\/\",\"url\":\"https:\/\/mchconsultingusa.com\/fr\/a-propos-de-nous\/contact-mch-consulting\/\",\"name\":\"Contactez MCH Consulting\",\"isPartOf\":{\"@id\":\"https:\/\/mchconsultingusa.com\/fr\/#website\"},\"primaryImageOfPage\":{\"@id\":\"https:\/\/mchconsultingusa.com\/fr\/a-propos-de-nous\/contact-mch-consulting\/#primaryimage\"},\"image\":{\"@id\":\"https:\/\/mchconsultingusa.com\/fr\/a-propos-de-nous\/contact-mch-consulting\/#primaryimage\"},\"thumbnailUrl\":\"https:\/\/mchconsultingusa.com\/wp-content\/uploads\/2020\/03\/monique-herzstein-mch-consulting-logo.png\",\"datePublished\":\"2019-07-26T16:45:12+00:00\",\"dateModified\":\"2025-02-27T14:36:20+00:00\",\"breadcrumb\":{\"@id\":\"https:\/\/mchconsultingusa.com\/fr\/a-propos-de-nous\/contact-mch-consulting\/#breadcrumb\"},\"inLanguage\":\"fr-FR\",\"potentialAction\":[{\"@type\":\"ReadAction\",\"target\":[\"https:\/\/mchconsultingusa.com\/fr\/a-propos-de-nous\/contact-mch-consulting\/\"]}]},{\"@type\":\"ImageObject\",\"inLanguage\":\"fr-FR\",\"@id\":\"https:\/\/mchconsultingusa.com\/fr\/a-propos-de-nous\/contact-mch-consulting\/#primaryimage\",\"url\":\"https:\/\/mchconsultingusa.com\/wp-content\/uploads\/2020\/03\/monique-herzstein-mch-consulting-logo.png\",\"contentUrl\":\"https:\/\/mchconsultingusa.com\/wp-content\/uploads\/2020\/03\/monique-herzstein-mch-consulting-logo.png\",\"width\":465,\"height\":287},{\"@type\":\"BreadcrumbList\",\"@id\":\"https:\/\/mchconsultingusa.com\/fr\/a-propos-de-nous\/contact-mch-consulting\/#breadcrumb\",\"itemListElement\":[{\"@type\":\"ListItem\",\"position\":1,\"name\":\"MCH Consulting\",\"item\":\"https:\/\/mchconsultingusa.com\/fr\/\"},{\"@type\":\"ListItem\",\"position\":2,\"name\":\"A propos de nous\",\"item\":\"https:\/\/mchconsultingusa.com\/fr\/a-propos-de-nous\/\"},{\"@type\":\"ListItem\",\"position\":3,\"name\":\"Contactez-nous\"}]},{\"@type\":\"WebSite\",\"@id\":\"https:\/\/mchconsultingusa.com\/fr\/#website\",\"url\":\"https:\/\/mchconsultingusa.com\/fr\/\",\"name\":\"MCH Consulting USA\",\"description\":\"Votre partenaire comptable aux USA\",\"publisher\":{\"@id\":\"https:\/\/mchconsultingusa.com\/fr\/#organization\"},\"potentialAction\":[{\"@type\":\"SearchAction\",\"target\":{\"@type\":\"EntryPoint\",\"urlTemplate\":\"https:\/\/mchconsultingusa.com\/fr\/?s={search_term_string}\"},\"query-input\":{\"@type\":\"PropertyValueSpecification\",\"valueRequired\":true,\"valueName\":\"search_term_string\"}}],\"inLanguage\":\"fr-FR\"},{\"@type\":\"Organization\",\"@id\":\"https:\/\/mchconsultingusa.com\/fr\/#organization\",\"name\":\"MCH Consulting - Monique Herzstein CPA\",\"url\":\"https:\/\/mchconsultingusa.com\/fr\/\",\"logo\":{\"@type\":\"ImageObject\",\"inLanguage\":\"fr-FR\",\"@id\":\"https:\/\/mchconsultingusa.com\/fr\/#\/schema\/logo\/image\/\",\"url\":\"https:\/\/mchconsultingusa.com\/wp-content\/uploads\/2020\/03\/monique-herzstein-mch-consulting-logo.png\",\"contentUrl\":\"https:\/\/mchconsultingusa.com\/wp-content\/uploads\/2020\/03\/monique-herzstein-mch-consulting-logo.png\",\"width\":465,\"height\":287,\"caption\":\"MCH Consulting - Monique Herzstein CPA\"},\"image\":{\"@id\":\"https:\/\/mchconsultingusa.com\/fr\/#\/schema\/logo\/image\/\"}}]}<\/script>\n<!-- \/ Yoast SEO plugin. -->","yoast_head_json":{"title":"Contactez MCH Consulting","robots":{"index":"index","follow":"follow","max-snippet":"max-snippet:-1","max-image-preview":"max-image-preview:large","max-video-preview":"max-video-preview:-1"},"canonical":"https:\/\/mchconsultingusa.com\/fr\/a-propos-de-nous\/contact-mch-consulting\/","og_locale":"fr_FR","og_type":"article","og_title":"Contactez MCH Consulting","og_description":"Miami MCH Consulting USA20803 Biscayne BoulevardSuite 440Aventura, FL 33180United States T\u00e9l\u00e9phone: +1 (786) 785-5000 (Bureaux)T\u00e9l\u00e9phone : +1 (786) 521-3977 (Direct)Email: contact@mchconsultingusa.com","og_url":"https:\/\/mchconsultingusa.com\/fr\/a-propos-de-nous\/contact-mch-consulting\/","og_site_name":"MCH Consulting USA","article_modified_time":"2025-02-27T14:36:20+00:00","og_image":[{"width":465,"height":287,"url":"https:\/\/mchconsultingusa.com\/wp-content\/uploads\/2020\/03\/monique-herzstein-mch-consulting-logo.png","type":"image\/png"}],"twitter_card":"summary_large_image","twitter_misc":{"Dur\u00e9e de lecture estim\u00e9e":"1 minute"},"schema":{"@context":"https:\/\/schema.org","@graph":[{"@type":"WebPage","@id":"https:\/\/mchconsultingusa.com\/fr\/a-propos-de-nous\/contact-mch-consulting\/","url":"https:\/\/mchconsultingusa.com\/fr\/a-propos-de-nous\/contact-mch-consulting\/","name":"Contactez MCH Consulting","isPartOf":{"@id":"https:\/\/mchconsultingusa.com\/fr\/#website"},"primaryImageOfPage":{"@id":"https:\/\/mchconsultingusa.com\/fr\/a-propos-de-nous\/contact-mch-consulting\/#primaryimage"},"image":{"@id":"https:\/\/mchconsultingusa.com\/fr\/a-propos-de-nous\/contact-mch-consulting\/#primaryimage"},"thumbnailUrl":"https:\/\/mchconsultingusa.com\/wp-content\/uploads\/2020\/03\/monique-herzstein-mch-consulting-logo.png","datePublished":"2019-07-26T16:45:12+00:00","dateModified":"2025-02-27T14:36:20+00:00","breadcrumb":{"@id":"https:\/\/mchconsultingusa.com\/fr\/a-propos-de-nous\/contact-mch-consulting\/#breadcrumb"},"inLanguage":"fr-FR","potentialAction":[{"@type":"ReadAction","target":["https:\/\/mchconsultingusa.com\/fr\/a-propos-de-nous\/contact-mch-consulting\/"]}]},{"@type":"ImageObject","inLanguage":"fr-FR","@id":"https:\/\/mchconsultingusa.com\/fr\/a-propos-de-nous\/contact-mch-consulting\/#primaryimage","url":"https:\/\/mchconsultingusa.com\/wp-content\/uploads\/2020\/03\/monique-herzstein-mch-consulting-logo.png","contentUrl":"https:\/\/mchconsultingusa.com\/wp-content\/uploads\/2020\/03\/monique-herzstein-mch-consulting-logo.png","width":465,"height":287},{"@type":"BreadcrumbList","@id":"https:\/\/mchconsultingusa.com\/fr\/a-propos-de-nous\/contact-mch-consulting\/#breadcrumb","itemListElement":[{"@type":"ListItem","position":1,"name":"MCH Consulting","item":"https:\/\/mchconsultingusa.com\/fr\/"},{"@type":"ListItem","position":2,"name":"A propos de nous","item":"https:\/\/mchconsultingusa.com\/fr\/a-propos-de-nous\/"},{"@type":"ListItem","position":3,"name":"Contactez-nous"}]},{"@type":"WebSite","@id":"https:\/\/mchconsultingusa.com\/fr\/#website","url":"https:\/\/mchconsultingusa.com\/fr\/","name":"MCH Consulting USA","description":"Votre partenaire comptable aux USA","publisher":{"@id":"https:\/\/mchconsultingusa.com\/fr\/#organization"},"potentialAction":[{"@type":"SearchAction","target":{"@type":"EntryPoint","urlTemplate":"https:\/\/mchconsultingusa.com\/fr\/?s={search_term_string}"},"query-input":{"@type":"PropertyValueSpecification","valueRequired":true,"valueName":"search_term_string"}}],"inLanguage":"fr-FR"},{"@type":"Organization","@id":"https:\/\/mchconsultingusa.com\/fr\/#organization","name":"MCH Consulting - Monique Herzstein CPA","url":"https:\/\/mchconsultingusa.com\/fr\/","logo":{"@type":"ImageObject","inLanguage":"fr-FR","@id":"https:\/\/mchconsultingusa.com\/fr\/#\/schema\/logo\/image\/","url":"https:\/\/mchconsultingusa.com\/wp-content\/uploads\/2020\/03\/monique-herzstein-mch-consulting-logo.png","contentUrl":"https:\/\/mchconsultingusa.com\/wp-content\/uploads\/2020\/03\/monique-herzstein-mch-consulting-logo.png","width":465,"height":287,"caption":"MCH Consulting - Monique Herzstein CPA"},"image":{"@id":"https:\/\/mchconsultingusa.com\/fr\/#\/schema\/logo\/image\/"}}]}},"uagb_featured_image_src":{"full":["https:\/\/mchconsultingusa.com\/wp-content\/uploads\/2020\/03\/monique-herzstein-mch-consulting-logo.png",465,287,false],"thumbnail":["https:\/\/mchconsultingusa.com\/wp-content\/uploads\/2020\/03\/monique-herzstein-mch-consulting-logo.png",150,93,false],"medium":["https:\/\/mchconsultingusa.com\/wp-content\/uploads\/2020\/03\/monique-herzstein-mch-consulting-logo.png",300,185,false],"medium_large":["https:\/\/mchconsultingusa.com\/wp-content\/uploads\/2020\/03\/monique-herzstein-mch-consulting-logo.png",465,287,false],"large":["https:\/\/mchconsultingusa.com\/wp-content\/uploads\/2020\/03\/monique-herzstein-mch-consulting-logo.png",465,287,false],"1536x1536":["https:\/\/mchconsultingusa.com\/wp-content\/uploads\/2020\/03\/monique-herzstein-mch-consulting-logo.png",465,287,false],"2048x2048":["https:\/\/mchconsultingusa.com\/wp-content\/uploads\/2020\/03\/monique-herzstein-mch-consulting-logo.png",465,287,false],"vertical":["https:\/\/mchconsultingusa.com\/wp-content\/uploads\/2020\/03\/monique-herzstein-mch-consulting-logo-240x287.png",240,287,true],"gform-image-choice-sm":["https:\/\/mchconsultingusa.com\/wp-content\/uploads\/2020\/03\/monique-herzstein-mch-consulting-logo.png",300,185,false],"gform-image-choice-md":["https:\/\/mchconsultingusa.com\/wp-content\/uploads\/2020\/03\/monique-herzstein-mch-consulting-logo.png",400,247,false],"gform-image-choice-lg":["https:\/\/mchconsultingusa.com\/wp-content\/uploads\/2020\/03\/monique-herzstein-mch-consulting-logo.png",465,287,false],"mailpoet_newsletter_max":["https:\/\/mchconsultingusa.com\/wp-content\/uploads\/2020\/03\/monique-herzstein-mch-consulting-logo.png",465,287,false],"woocommerce_thumbnail":["https:\/\/mchconsultingusa.com\/wp-content\/uploads\/2020\/03\/monique-herzstein-mch-consulting-logo-300x287.png",300,287,true],"woocommerce_single":["https:\/\/mchconsultingusa.com\/wp-content\/uploads\/2020\/03\/monique-herzstein-mch-consulting-logo.png",465,287,false],"woocommerce_gallery_thumbnail":["https:\/\/mchconsultingusa.com\/wp-content\/uploads\/2020\/03\/monique-herzstein-mch-consulting-logo-100x100.png",100,100,true]},"uagb_author_info":{"display_name":"Monique Herzstein","author_link":"https:\/\/mchconsultingusa.com\/fr\/author\/mch-consulting\/"},"uagb_comment_info":0,"uagb_excerpt":"Miami MCH Consulting USA20803 Biscayne BoulevardSuite 440Aventura, FL 33180United States T\u00e9l\u00e9phone: +1 (786) 785-5000 (Bureaux)T\u00e9l\u00e9phone : +1 (786) 521-3977 (Direct)Email: contact@mchconsultingusa.com","jetpack_sharing_enabled":true,"_links":{"self":[{"href":"https:\/\/mchconsultingusa.com\/fr\/wp-json\/wp\/v2\/pages\/54","targetHints":{"allow":["GET"]}}],"collection":[{"href":"https:\/\/mchconsultingusa.com\/fr\/wp-json\/wp\/v2\/pages"}],"about":[{"href":"https:\/\/mchconsultingusa.com\/fr\/wp-json\/wp\/v2\/types\/page"}],"author":[{"embeddable":true,"href":"https:\/\/mchconsultingusa.com\/fr\/wp-json\/wp\/v2\/users\/10"}],"replies":[{"embeddable":true,"href":"https:\/\/mchconsultingusa.com\/fr\/wp-json\/wp\/v2\/comments?post=54"}],"version-history":[{"count":53,"href":"https:\/\/mchconsultingusa.com\/fr\/wp-json\/wp\/v2\/pages\/54\/revisions"}],"predecessor-version":[{"id":4107,"href":"https:\/\/mchconsultingusa.com\/fr\/wp-json\/wp\/v2\/pages\/54\/revisions\/4107"}],"up":[{"embeddable":true,"href":"https:\/\/mchconsultingusa.com\/fr\/wp-json\/wp\/v2\/pages\/52"}],"wp:featuredmedia":[{"embeddable":true,"href":"https:\/\/mchconsultingusa.com\/fr\/wp-json\/wp\/v2\/media\/2738"}],"wp:attachment":[{"href":"https:\/\/mchconsultingusa.com\/fr\/wp-json\/wp\/v2\/media?parent=54"}],"curies":[{"name":"wp","href":"https:\/\/api.w.org\/{rel}","templated":true}]}}