{"id":4280,"date":"2026-01-11T04:06:23","date_gmt":"2026-01-11T09:06:23","guid":{"rendered":"https:\/\/mchconsultingusa.com\/nos-services\/it-services\/"},"modified":"2026-01-11T04:21:31","modified_gmt":"2026-01-11T09:21:31","slug":"services-informatiques","status":"publish","type":"page","link":"https:\/\/mchconsultingusa.com\/fr\/nos-services\/services-informatiques\/","title":{"rendered":"Services informatiques"},"content":{"rendered":"\n<figure class=\"wp-block-image size-full\"><img loading=\"lazy\" decoding=\"async\" width=\"1920\" height=\"1280\" src=\"https:\/\/mchconsultingusa.com\/wp-content\/uploads\/2026\/01\/mch-consulting-it-services-1.jpg\" alt=\"mch-consulting-it-services\" class=\"wp-image-4276\" srcset=\"https:\/\/mchconsultingusa.com\/wp-content\/uploads\/2026\/01\/mch-consulting-it-services-1.jpg 1920w, https:\/\/mchconsultingusa.com\/wp-content\/uploads\/2026\/01\/mch-consulting-it-services-1-300x200.jpg 300w, https:\/\/mchconsultingusa.com\/wp-content\/uploads\/2026\/01\/mch-consulting-it-services-1-1024x683.jpg 1024w, https:\/\/mchconsultingusa.com\/wp-content\/uploads\/2026\/01\/mch-consulting-it-services-1-768x512.jpg 768w, https:\/\/mchconsultingusa.com\/wp-content\/uploads\/2026\/01\/mch-consulting-it-services-1-1536x1024.jpg 1536w, https:\/\/mchconsultingusa.com\/wp-content\/uploads\/2026\/01\/mch-consulting-it-services-1-1320x880.jpg 1320w, https:\/\/mchconsultingusa.com\/wp-content\/uploads\/2026\/01\/mch-consulting-it-services-1-600x400.jpg 600w\" sizes=\"auto, (max-width: 1920px) 100vw, 1920px\" \/><\/figure>\n\n\n\n<h3 class=\"wp-block-heading\">Assistance informatique proactive et g\u00e9r\u00e9e<\/h3>\n\n\n\n<p>Surveillance 24 h\/24, 7 j\/7, assistance technique et aide \u00e0 distance\/sur site pour minimiser les temps d&rsquo;arr\u00eat et assurer le bon fonctionnement de votre entreprise, m\u00eame lorsque les d\u00e9lais sont serr\u00e9s.<\/p>\n\n\n\n<h3 class=\"wp-block-heading\">Gestion du r\u00e9seau et de l&rsquo;infrastructure<\/h3>\n\n\n\n<p>Configuration r\u00e9seau s\u00e9curis\u00e9e, protection par pare-feu, VPN pour le travail \u00e0 distance et optimisation pour les \u00e9quipes multi-sites ou hybrides.<\/p>\n\n\n\n<h3 class=\"wp-block-heading\">H\u00e9bergement cloud et bureau \u00e0 la demande (DaaS)<\/h3>\n\n\n\n<p>H\u00e9bergement cloud fiable et performant pour vos applications comptables, offrant un acc\u00e8s s\u00e9curis\u00e9 aux fichiers et aux logiciels depuis n&rsquo;importe o\u00f9.<\/p>\n\n\n\n<h3 class=\"wp-block-heading\">Protection avanc\u00e9e en mati\u00e8re de cybers\u00e9curit\u00e9<\/h3>\n\n\n\n<p>D\u00e9fenses multicouches comprenant la s\u00e9curit\u00e9 des terminaux, un antivirus g\u00e9r\u00e9, une protection contre le phishing et la pr\u00e9vention des ransomwares afin de prot\u00e9ger les donn\u00e9es sensibles des clients.<\/p>\n\n\n\n<h3 class=\"wp-block-heading\">Conformit\u00e9 et gestion des risques<\/h3>\n\n\n\n<p>Conseils d&rsquo;experts et outils pour r\u00e9pondre aux directives de l&rsquo;IRS (y compris le plan \u00e9crit de s\u00e9curit\u00e9 de l&rsquo;information &#8211; WISP), \u00e0 la r\u00e8gle de protection de la FTC, \u00e0 la loi HIPPA, \u00e0 la norme SOC 2 et \u00e0 d&rsquo;autres normes r\u00e9glementaires, avec des \u00e9valuations et des audits r\u00e9guliers.<\/p>\n\n\n\n<h3 class=\"wp-block-heading\">Sauvegarde des donn\u00e9es et reprise apr\u00e8s sinistre<\/h3>\n\n\n\n<p>Sauvegardes automatis\u00e9es et crypt\u00e9es avec options de r\u00e9cup\u00e9ration rapide pour prot\u00e9ger contre la perte de donn\u00e9es et assurer la continuit\u00e9 des activit\u00e9s.<\/p>\n\n\n\n<h3 class=\"wp-block-heading\">Formation des employ\u00e9s \u00e0 la cybers\u00e9curit\u00e9<\/h3>\n\n\n\n<p>Programmes de formation personnalis\u00e9s et simulations d&rsquo;hame\u00e7onnage pour responsabiliser votre \u00e9quipe et r\u00e9duire les risques li\u00e9s \u00e0 l&rsquo;erreur humaine.<\/p>\n\n\n\n<h3 class=\"wp-block-heading\">Assistance et optimisation des logiciels de comptabilit\u00e9<\/h3>\n\n\n\n<p>Installation, mises \u00e0 jour, int\u00e9grations et d\u00e9pannage d\u00e9di\u00e9s pour vos outils essentiels de gestion fiscale et de cabinet.<\/p>\n\n\n\n<h3 class=\"wp-block-heading\">Portail client s\u00e9curis\u00e9 et gestion des documents<\/h3>\n\n\n\n<p>Portails crypt\u00e9s personnalis\u00e9s pour le partage s\u00e9curis\u00e9 de fichiers, les signatures \u00e9lectroniques et la collaboration avec les clients, \u00e9liminant ainsi les \u00e9changes d&rsquo;e-mails risqu\u00e9s.<\/p>\n\n\n\n<h3 class=\"wp-block-heading\">Services de directeur informatique virtuel (vCIO)<\/h3>\n\n\n\n<p>Planification informatique strat\u00e9gique, feuilles de route technologiques et conseils en mati\u00e8re de budg\u00e9tisation pour aligner la croissance de votre entreprise sur des solutions \u00e9volutives et p\u00e9rennes.<\/p>\n\n\n\n<div class=\"wp-block-uagb-buttons uagb-buttons__outer-wrap uagb-btn__default-btn uagb-btn-tablet__default-btn uagb-btn-mobile__default-btn uagb-block-a4109c4a\"><div class=\"uagb-buttons__wrap uagb-buttons-layout-wrap \">\n<div class=\"wp-block-uagb-buttons-child uagb-buttons__outer-wrap uagb-block-00622f9e wp-block-button\"><div class=\"uagb-button__wrapper\"><a class=\"uagb-buttons-repeater wp-block-button__link\" aria-label=\"\" href=\"https:\/\/mchconsultingusa.com\/fr\/a-propos-de-nous\/contact-mch-consulting\/\" rel=\"follow noopener\" target=\"_self\" role=\"button\"><div class=\"uagb-button__link\">Contactez Nous<\/div><\/a><\/div><\/div>\n<\/div><\/div>\n","protected":false},"excerpt":{"rendered":"<p>Assistance informatique proactive et g\u00e9r\u00e9e Surveillance 24 h\/24, 7 j\/7, assistance technique et aide \u00e0 distance\/sur site pour minimiser les temps d&rsquo;arr\u00eat et assurer le bon fonctionnement de votre entreprise, m\u00eame lorsque les d\u00e9lais sont serr\u00e9s. Gestion du r\u00e9seau et de l&rsquo;infrastructure Configuration r\u00e9seau s\u00e9curis\u00e9e, protection par pare-feu, VPN pour le travail \u00e0 distance et [&#8230;]\n","protected":false},"author":13,"featured_media":4277,"parent":2833,"menu_order":0,"comment_status":"closed","ping_status":"closed","template":"page-blank-sub-nav-vertical.php","meta":{"_acf_changed":false,"_uag_custom_page_level_css":"","footnotes":""},"class_list":["post-4280","page","type-page","status-publish","has-post-thumbnail","hentry"],"acf":[],"yoast_head":"<!-- This site is optimized with the Yoast SEO plugin v26.7 - https:\/\/yoast.com\/wordpress\/plugins\/seo\/ -->\n<title>Services informatiques - MCH Consulting USA<\/title>\n<meta name=\"robots\" content=\"index, follow, max-snippet:-1, max-image-preview:large, max-video-preview:-1\" \/>\n<link rel=\"canonical\" href=\"https:\/\/mchconsultingusa.com\/fr\/nos-services\/services-informatiques\/\" \/>\n<meta property=\"og:locale\" content=\"fr_FR\" \/>\n<meta property=\"og:type\" content=\"article\" \/>\n<meta property=\"og:title\" content=\"Services informatiques - MCH Consulting USA\" \/>\n<meta property=\"og:description\" content=\"Assistance informatique proactive et g\u00e9r\u00e9e Surveillance 24 h\/24, 7 j\/7, assistance technique et aide \u00e0 distance\/sur site pour minimiser les temps d&rsquo;arr\u00eat et assurer le bon fonctionnement de votre entreprise, m\u00eame lorsque les d\u00e9lais sont serr\u00e9s. Gestion du r\u00e9seau et de l&rsquo;infrastructure Configuration r\u00e9seau s\u00e9curis\u00e9e, protection par pare-feu, VPN pour le travail \u00e0 distance et [...]\" \/>\n<meta property=\"og:url\" content=\"https:\/\/mchconsultingusa.com\/fr\/nos-services\/services-informatiques\/\" \/>\n<meta property=\"og:site_name\" content=\"MCH Consulting USA\" \/>\n<meta property=\"article:modified_time\" content=\"2026-01-11T09:21:31+00:00\" \/>\n<meta property=\"og:image\" content=\"https:\/\/mchconsultingusa.com\/wp-content\/uploads\/2026\/01\/mch-consulting-it-services-1.jpg\" \/>\n\t<meta property=\"og:image:width\" content=\"1920\" \/>\n\t<meta property=\"og:image:height\" content=\"1280\" \/>\n\t<meta property=\"og:image:type\" content=\"image\/jpeg\" \/>\n<meta name=\"twitter:card\" content=\"summary_large_image\" \/>\n<meta name=\"twitter:label1\" content=\"Dur\u00e9e de lecture estim\u00e9e\" \/>\n\t<meta name=\"twitter:data1\" content=\"2 minutes\" \/>\n<script type=\"application\/ld+json\" class=\"yoast-schema-graph\">{\"@context\":\"https:\/\/schema.org\",\"@graph\":[{\"@type\":\"WebPage\",\"@id\":\"https:\/\/mchconsultingusa.com\/fr\/nos-services\/services-informatiques\/\",\"url\":\"https:\/\/mchconsultingusa.com\/fr\/nos-services\/services-informatiques\/\",\"name\":\"Services informatiques - MCH Consulting USA\",\"isPartOf\":{\"@id\":\"https:\/\/mchconsultingusa.com\/fr\/#website\"},\"primaryImageOfPage\":{\"@id\":\"https:\/\/mchconsultingusa.com\/fr\/nos-services\/services-informatiques\/#primaryimage\"},\"image\":{\"@id\":\"https:\/\/mchconsultingusa.com\/fr\/nos-services\/services-informatiques\/#primaryimage\"},\"thumbnailUrl\":\"https:\/\/mchconsultingusa.com\/wp-content\/uploads\/2026\/01\/mch-consulting-it-services-1.jpg\",\"datePublished\":\"2026-01-11T09:06:23+00:00\",\"dateModified\":\"2026-01-11T09:21:31+00:00\",\"breadcrumb\":{\"@id\":\"https:\/\/mchconsultingusa.com\/fr\/nos-services\/services-informatiques\/#breadcrumb\"},\"inLanguage\":\"fr-FR\",\"potentialAction\":[{\"@type\":\"ReadAction\",\"target\":[\"https:\/\/mchconsultingusa.com\/fr\/nos-services\/services-informatiques\/\"]}]},{\"@type\":\"ImageObject\",\"inLanguage\":\"fr-FR\",\"@id\":\"https:\/\/mchconsultingusa.com\/fr\/nos-services\/services-informatiques\/#primaryimage\",\"url\":\"https:\/\/mchconsultingusa.com\/wp-content\/uploads\/2026\/01\/mch-consulting-it-services-1.jpg\",\"contentUrl\":\"https:\/\/mchconsultingusa.com\/wp-content\/uploads\/2026\/01\/mch-consulting-it-services-1.jpg\",\"width\":1920,\"height\":1280,\"caption\":\"mch-consulting-it-services\"},{\"@type\":\"BreadcrumbList\",\"@id\":\"https:\/\/mchconsultingusa.com\/fr\/nos-services\/services-informatiques\/#breadcrumb\",\"itemListElement\":[{\"@type\":\"ListItem\",\"position\":1,\"name\":\"MCH Consulting\",\"item\":\"https:\/\/mchconsultingusa.com\/fr\/\"},{\"@type\":\"ListItem\",\"position\":2,\"name\":\"Nos services\",\"item\":\"https:\/\/mchconsultingusa.com\/fr\/nos-services\/\"},{\"@type\":\"ListItem\",\"position\":3,\"name\":\"Services informatiques\"}]},{\"@type\":\"WebSite\",\"@id\":\"https:\/\/mchconsultingusa.com\/fr\/#website\",\"url\":\"https:\/\/mchconsultingusa.com\/fr\/\",\"name\":\"MCH Consulting USA\",\"description\":\"Votre partenaire comptable aux USA\",\"publisher\":{\"@id\":\"https:\/\/mchconsultingusa.com\/fr\/#organization\"},\"potentialAction\":[{\"@type\":\"SearchAction\",\"target\":{\"@type\":\"EntryPoint\",\"urlTemplate\":\"https:\/\/mchconsultingusa.com\/fr\/?s={search_term_string}\"},\"query-input\":{\"@type\":\"PropertyValueSpecification\",\"valueRequired\":true,\"valueName\":\"search_term_string\"}}],\"inLanguage\":\"fr-FR\"},{\"@type\":\"Organization\",\"@id\":\"https:\/\/mchconsultingusa.com\/fr\/#organization\",\"name\":\"MCH Consulting - Monique Herzstein CPA\",\"url\":\"https:\/\/mchconsultingusa.com\/fr\/\",\"logo\":{\"@type\":\"ImageObject\",\"inLanguage\":\"fr-FR\",\"@id\":\"https:\/\/mchconsultingusa.com\/fr\/#\/schema\/logo\/image\/\",\"url\":\"https:\/\/mchconsultingusa.com\/wp-content\/uploads\/2020\/03\/monique-herzstein-mch-consulting-logo.png\",\"contentUrl\":\"https:\/\/mchconsultingusa.com\/wp-content\/uploads\/2020\/03\/monique-herzstein-mch-consulting-logo.png\",\"width\":465,\"height\":287,\"caption\":\"MCH Consulting - Monique Herzstein CPA\"},\"image\":{\"@id\":\"https:\/\/mchconsultingusa.com\/fr\/#\/schema\/logo\/image\/\"}}]}<\/script>\n<!-- \/ Yoast SEO plugin. -->","yoast_head_json":{"title":"Services informatiques - MCH Consulting USA","robots":{"index":"index","follow":"follow","max-snippet":"max-snippet:-1","max-image-preview":"max-image-preview:large","max-video-preview":"max-video-preview:-1"},"canonical":"https:\/\/mchconsultingusa.com\/fr\/nos-services\/services-informatiques\/","og_locale":"fr_FR","og_type":"article","og_title":"Services informatiques - MCH Consulting USA","og_description":"Assistance informatique proactive et g\u00e9r\u00e9e Surveillance 24 h\/24, 7 j\/7, assistance technique et aide \u00e0 distance\/sur site pour minimiser les temps d&rsquo;arr\u00eat et assurer le bon fonctionnement de votre entreprise, m\u00eame lorsque les d\u00e9lais sont serr\u00e9s. Gestion du r\u00e9seau et de l&rsquo;infrastructure Configuration r\u00e9seau s\u00e9curis\u00e9e, protection par pare-feu, VPN pour le travail \u00e0 distance et [...]","og_url":"https:\/\/mchconsultingusa.com\/fr\/nos-services\/services-informatiques\/","og_site_name":"MCH Consulting USA","article_modified_time":"2026-01-11T09:21:31+00:00","og_image":[{"width":1920,"height":1280,"url":"https:\/\/mchconsultingusa.com\/wp-content\/uploads\/2026\/01\/mch-consulting-it-services-1.jpg","type":"image\/jpeg"}],"twitter_card":"summary_large_image","twitter_misc":{"Dur\u00e9e de lecture estim\u00e9e":"2 minutes"},"schema":{"@context":"https:\/\/schema.org","@graph":[{"@type":"WebPage","@id":"https:\/\/mchconsultingusa.com\/fr\/nos-services\/services-informatiques\/","url":"https:\/\/mchconsultingusa.com\/fr\/nos-services\/services-informatiques\/","name":"Services informatiques - MCH Consulting USA","isPartOf":{"@id":"https:\/\/mchconsultingusa.com\/fr\/#website"},"primaryImageOfPage":{"@id":"https:\/\/mchconsultingusa.com\/fr\/nos-services\/services-informatiques\/#primaryimage"},"image":{"@id":"https:\/\/mchconsultingusa.com\/fr\/nos-services\/services-informatiques\/#primaryimage"},"thumbnailUrl":"https:\/\/mchconsultingusa.com\/wp-content\/uploads\/2026\/01\/mch-consulting-it-services-1.jpg","datePublished":"2026-01-11T09:06:23+00:00","dateModified":"2026-01-11T09:21:31+00:00","breadcrumb":{"@id":"https:\/\/mchconsultingusa.com\/fr\/nos-services\/services-informatiques\/#breadcrumb"},"inLanguage":"fr-FR","potentialAction":[{"@type":"ReadAction","target":["https:\/\/mchconsultingusa.com\/fr\/nos-services\/services-informatiques\/"]}]},{"@type":"ImageObject","inLanguage":"fr-FR","@id":"https:\/\/mchconsultingusa.com\/fr\/nos-services\/services-informatiques\/#primaryimage","url":"https:\/\/mchconsultingusa.com\/wp-content\/uploads\/2026\/01\/mch-consulting-it-services-1.jpg","contentUrl":"https:\/\/mchconsultingusa.com\/wp-content\/uploads\/2026\/01\/mch-consulting-it-services-1.jpg","width":1920,"height":1280,"caption":"mch-consulting-it-services"},{"@type":"BreadcrumbList","@id":"https:\/\/mchconsultingusa.com\/fr\/nos-services\/services-informatiques\/#breadcrumb","itemListElement":[{"@type":"ListItem","position":1,"name":"MCH Consulting","item":"https:\/\/mchconsultingusa.com\/fr\/"},{"@type":"ListItem","position":2,"name":"Nos services","item":"https:\/\/mchconsultingusa.com\/fr\/nos-services\/"},{"@type":"ListItem","position":3,"name":"Services informatiques"}]},{"@type":"WebSite","@id":"https:\/\/mchconsultingusa.com\/fr\/#website","url":"https:\/\/mchconsultingusa.com\/fr\/","name":"MCH Consulting USA","description":"Votre partenaire comptable aux USA","publisher":{"@id":"https:\/\/mchconsultingusa.com\/fr\/#organization"},"potentialAction":[{"@type":"SearchAction","target":{"@type":"EntryPoint","urlTemplate":"https:\/\/mchconsultingusa.com\/fr\/?s={search_term_string}"},"query-input":{"@type":"PropertyValueSpecification","valueRequired":true,"valueName":"search_term_string"}}],"inLanguage":"fr-FR"},{"@type":"Organization","@id":"https:\/\/mchconsultingusa.com\/fr\/#organization","name":"MCH Consulting - Monique Herzstein CPA","url":"https:\/\/mchconsultingusa.com\/fr\/","logo":{"@type":"ImageObject","inLanguage":"fr-FR","@id":"https:\/\/mchconsultingusa.com\/fr\/#\/schema\/logo\/image\/","url":"https:\/\/mchconsultingusa.com\/wp-content\/uploads\/2020\/03\/monique-herzstein-mch-consulting-logo.png","contentUrl":"https:\/\/mchconsultingusa.com\/wp-content\/uploads\/2020\/03\/monique-herzstein-mch-consulting-logo.png","width":465,"height":287,"caption":"MCH Consulting - Monique Herzstein CPA"},"image":{"@id":"https:\/\/mchconsultingusa.com\/fr\/#\/schema\/logo\/image\/"}}]}},"uagb_featured_image_src":{"full":["https:\/\/mchconsultingusa.com\/wp-content\/uploads\/2026\/01\/mch-consulting-it-services-1.jpg",1920,1280,false],"thumbnail":["https:\/\/mchconsultingusa.com\/wp-content\/uploads\/2026\/01\/mch-consulting-it-services-1-150x150.jpg",150,150,true],"medium":["https:\/\/mchconsultingusa.com\/wp-content\/uploads\/2026\/01\/mch-consulting-it-services-1-300x200.jpg",300,200,true],"medium_large":["https:\/\/mchconsultingusa.com\/wp-content\/uploads\/2026\/01\/mch-consulting-it-services-1-768x512.jpg",768,512,true],"large":["https:\/\/mchconsultingusa.com\/wp-content\/uploads\/2026\/01\/mch-consulting-it-services-1-1024x683.jpg",1020,680,true],"1536x1536":["https:\/\/mchconsultingusa.com\/wp-content\/uploads\/2026\/01\/mch-consulting-it-services-1-1536x1024.jpg",1536,1024,true],"2048x2048":["https:\/\/mchconsultingusa.com\/wp-content\/uploads\/2026\/01\/mch-consulting-it-services-1.jpg",1920,1280,false],"vertical":["https:\/\/mchconsultingusa.com\/wp-content\/uploads\/2026\/01\/mch-consulting-it-services-1-240x535.jpg",240,535,true],"gform-image-choice-sm":["https:\/\/mchconsultingusa.com\/wp-content\/uploads\/2026\/01\/mch-consulting-it-services-1.jpg",300,200,false],"gform-image-choice-md":["https:\/\/mchconsultingusa.com\/wp-content\/uploads\/2026\/01\/mch-consulting-it-services-1.jpg",400,267,false],"gform-image-choice-lg":["https:\/\/mchconsultingusa.com\/wp-content\/uploads\/2026\/01\/mch-consulting-it-services-1.jpg",600,400,false],"mailpoet_newsletter_max":["https:\/\/mchconsultingusa.com\/wp-content\/uploads\/2026\/01\/mch-consulting-it-services-1-1320x880.jpg",1320,880,true],"woocommerce_thumbnail":["https:\/\/mchconsultingusa.com\/wp-content\/uploads\/2026\/01\/mch-consulting-it-services-1-300x300.jpg",300,300,true],"woocommerce_single":["https:\/\/mchconsultingusa.com\/wp-content\/uploads\/2026\/01\/mch-consulting-it-services-1-600x400.jpg",600,400,true],"woocommerce_gallery_thumbnail":["https:\/\/mchconsultingusa.com\/wp-content\/uploads\/2026\/01\/mch-consulting-it-services-1-100x100.jpg",100,100,true]},"uagb_author_info":{"display_name":"Ben Borie","author_link":"https:\/\/mchconsultingusa.com\/fr\/author\/benborie\/"},"uagb_comment_info":0,"uagb_excerpt":"Assistance informatique proactive et g\u00e9r\u00e9e Surveillance 24 h\/24, 7 j\/7, assistance technique et aide \u00e0 distance\/sur site pour minimiser les temps d&rsquo;arr\u00eat et assurer le bon fonctionnement de votre entreprise, m\u00eame lorsque les d\u00e9lais sont serr\u00e9s. Gestion du r\u00e9seau et de l&rsquo;infrastructure Configuration r\u00e9seau s\u00e9curis\u00e9e, protection par pare-feu, VPN pour le travail \u00e0 distance et\u2026","jetpack_sharing_enabled":true,"_links":{"self":[{"href":"https:\/\/mchconsultingusa.com\/fr\/wp-json\/wp\/v2\/pages\/4280","targetHints":{"allow":["GET"]}}],"collection":[{"href":"https:\/\/mchconsultingusa.com\/fr\/wp-json\/wp\/v2\/pages"}],"about":[{"href":"https:\/\/mchconsultingusa.com\/fr\/wp-json\/wp\/v2\/types\/page"}],"author":[{"embeddable":true,"href":"https:\/\/mchconsultingusa.com\/fr\/wp-json\/wp\/v2\/users\/13"}],"replies":[{"embeddable":true,"href":"https:\/\/mchconsultingusa.com\/fr\/wp-json\/wp\/v2\/comments?post=4280"}],"version-history":[{"count":2,"href":"https:\/\/mchconsultingusa.com\/fr\/wp-json\/wp\/v2\/pages\/4280\/revisions"}],"predecessor-version":[{"id":4284,"href":"https:\/\/mchconsultingusa.com\/fr\/wp-json\/wp\/v2\/pages\/4280\/revisions\/4284"}],"up":[{"embeddable":true,"href":"https:\/\/mchconsultingusa.com\/fr\/wp-json\/wp\/v2\/pages\/2833"}],"wp:featuredmedia":[{"embeddable":true,"href":"https:\/\/mchconsultingusa.com\/fr\/wp-json\/wp\/v2\/media\/4277"}],"wp:attachment":[{"href":"https:\/\/mchconsultingusa.com\/fr\/wp-json\/wp\/v2\/media?parent=4280"}],"curies":[{"name":"wp","href":"https:\/\/api.w.org\/{rel}","templated":true}]}}