{"id":2842,"date":"2019-07-29T20:00:11","date_gmt":"2019-07-30T00:00:11","guid":{"rendered":"https:\/\/mchconsultingusa.com\/due-diligence-dacquisition\/"},"modified":"2025-02-27T10:37:41","modified_gmt":"2025-02-27T15:37:41","slug":"due-diligence-dacquisition","status":"publish","type":"page","link":"https:\/\/mchconsultingusa.com\/fr\/nos-services\/due-diligence-dacquisition\/","title":{"rendered":"Due Diligence d\u2019acquisition"},"content":{"rendered":"\n<figure class=\"wp-block-image size-full\"><img loading=\"lazy\" decoding=\"async\" width=\"881\" height=\"565\" src=\"https:\/\/mchconsultingusa.com\/wp-content\/uploads\/2020\/04\/monique-herzstein-cpa-due-diligence-service.jpg\" alt=\"\" class=\"wp-image-2968\" srcset=\"https:\/\/mchconsultingusa.com\/wp-content\/uploads\/2020\/04\/monique-herzstein-cpa-due-diligence-service.jpg 881w, https:\/\/mchconsultingusa.com\/wp-content\/uploads\/2020\/04\/monique-herzstein-cpa-due-diligence-service-600x385.jpg 600w\" sizes=\"auto, (max-width: 881px) 100vw, 881px\" \/><\/figure>\n\n\n\n<p>Investir ou acqu\u00e9rir une entreprise n\u00e9cessite une \u00e9valuation approfondie pour \u00e9viter les risques financiers et juridiques. <\/p>\n\n\n\n<p>Nos services de due diligence offrent une analyse compl\u00e8te de la situation financi\u00e8re, de la conformit\u00e9 fiscale, des obligations l\u00e9gales et de l\u2019efficacit\u00e9 op\u00e9rationnelle d\u2019une entreprise. Nous examinons les \u00e9tats financiers, la gestion des risques, les dettes et les contrats afin de vous donner une vision claire avant toute prise de d\u00e9cision. <\/p>\n\n\n\n<p>Que vous souhaitiez acheter une entreprise, investir dans l&rsquo;immobilier ou conclure un partenariat, notre expertise vous permet d&rsquo;agir en toute confiance.<\/p>\n\n\n\n<div class=\"wp-block-uagb-buttons uagb-buttons__outer-wrap uagb-btn__default-btn uagb-btn-tablet__default-btn uagb-btn-mobile__default-btn uagb-block-a4109c4a\"><div class=\"uagb-buttons__wrap uagb-buttons-layout-wrap \">\n<div class=\"wp-block-uagb-buttons-child uagb-buttons__outer-wrap uagb-block-00622f9e wp-block-button\"><div class=\"uagb-button__wrapper\"><a class=\"uagb-buttons-repeater wp-block-button__link\" aria-label=\"\" href=\"https:\/\/mchconsultingusa.com\/fr\/a-propos-de-nous\/contact-mch-consulting\/\" rel=\"follow noopener\" target=\"_self\" role=\"button\"><div class=\"uagb-button__link\">Contactez Nous<\/div><\/a><\/div><\/div>\n<\/div><\/div>\n","protected":false},"excerpt":{"rendered":"<p>Investir ou acqu\u00e9rir une entreprise n\u00e9cessite une \u00e9valuation approfondie pour \u00e9viter les risques financiers et juridiques. Nos services de due diligence offrent une analyse compl\u00e8te de la situation financi\u00e8re, de la conformit\u00e9 fiscale, des obligations l\u00e9gales et de l\u2019efficacit\u00e9 op\u00e9rationnelle d\u2019une entreprise. Nous examinons les \u00e9tats financiers, la gestion des risques, les dettes et les [&#8230;]\n","protected":false},"author":10,"featured_media":2968,"parent":2833,"menu_order":0,"comment_status":"closed","ping_status":"closed","template":"page-blank-sub-nav-vertical.php","meta":{"_acf_changed":false,"_uag_custom_page_level_css":"","footnotes":""},"class_list":["post-2842","page","type-page","status-publish","has-post-thumbnail","hentry"],"acf":[],"yoast_head":"<!-- This site is optimized with the Yoast SEO plugin v26.7 - https:\/\/yoast.com\/wordpress\/plugins\/seo\/ -->\n<title>Due Diligence d\u2019acquisition - MCH Consulting USA<\/title>\n<meta name=\"robots\" content=\"index, follow, max-snippet:-1, max-image-preview:large, max-video-preview:-1\" \/>\n<link rel=\"canonical\" href=\"https:\/\/mchconsultingusa.com\/fr\/nos-services\/due-diligence-dacquisition\/\" \/>\n<meta property=\"og:locale\" content=\"fr_FR\" \/>\n<meta property=\"og:type\" content=\"article\" \/>\n<meta property=\"og:title\" content=\"Due Diligence d\u2019acquisition - MCH Consulting USA\" \/>\n<meta property=\"og:description\" content=\"Investir ou acqu\u00e9rir une entreprise n\u00e9cessite une \u00e9valuation approfondie pour \u00e9viter les risques financiers et juridiques. Nos services de due diligence offrent une analyse compl\u00e8te de la situation financi\u00e8re, de la conformit\u00e9 fiscale, des obligations l\u00e9gales et de l\u2019efficacit\u00e9 op\u00e9rationnelle d\u2019une entreprise. Nous examinons les \u00e9tats financiers, la gestion des risques, les dettes et les [...]\" \/>\n<meta property=\"og:url\" content=\"https:\/\/mchconsultingusa.com\/fr\/nos-services\/due-diligence-dacquisition\/\" \/>\n<meta property=\"og:site_name\" content=\"MCH Consulting USA\" \/>\n<meta property=\"article:modified_time\" content=\"2025-02-27T15:37:41+00:00\" \/>\n<meta property=\"og:image\" content=\"https:\/\/mchconsultingusa.com\/wp-content\/uploads\/2020\/04\/monique-herzstein-cpa-due-diligence-service.jpg\" \/>\n\t<meta property=\"og:image:width\" content=\"881\" \/>\n\t<meta property=\"og:image:height\" content=\"565\" \/>\n\t<meta property=\"og:image:type\" content=\"image\/jpeg\" \/>\n<meta name=\"twitter:card\" content=\"summary_large_image\" \/>\n<meta name=\"twitter:label1\" content=\"Dur\u00e9e de lecture estim\u00e9e\" \/>\n\t<meta name=\"twitter:data1\" content=\"1 minute\" \/>\n<script type=\"application\/ld+json\" class=\"yoast-schema-graph\">{\"@context\":\"https:\/\/schema.org\",\"@graph\":[{\"@type\":\"WebPage\",\"@id\":\"https:\/\/mchconsultingusa.com\/fr\/nos-services\/due-diligence-dacquisition\/\",\"url\":\"https:\/\/mchconsultingusa.com\/fr\/nos-services\/due-diligence-dacquisition\/\",\"name\":\"Due Diligence d\u2019acquisition - MCH Consulting USA\",\"isPartOf\":{\"@id\":\"https:\/\/mchconsultingusa.com\/fr\/#website\"},\"primaryImageOfPage\":{\"@id\":\"https:\/\/mchconsultingusa.com\/fr\/nos-services\/due-diligence-dacquisition\/#primaryimage\"},\"image\":{\"@id\":\"https:\/\/mchconsultingusa.com\/fr\/nos-services\/due-diligence-dacquisition\/#primaryimage\"},\"thumbnailUrl\":\"https:\/\/mchconsultingusa.com\/wp-content\/uploads\/2020\/04\/monique-herzstein-cpa-due-diligence-service.jpg\",\"datePublished\":\"2019-07-30T00:00:11+00:00\",\"dateModified\":\"2025-02-27T15:37:41+00:00\",\"breadcrumb\":{\"@id\":\"https:\/\/mchconsultingusa.com\/fr\/nos-services\/due-diligence-dacquisition\/#breadcrumb\"},\"inLanguage\":\"fr-FR\",\"potentialAction\":[{\"@type\":\"ReadAction\",\"target\":[\"https:\/\/mchconsultingusa.com\/fr\/nos-services\/due-diligence-dacquisition\/\"]}]},{\"@type\":\"ImageObject\",\"inLanguage\":\"fr-FR\",\"@id\":\"https:\/\/mchconsultingusa.com\/fr\/nos-services\/due-diligence-dacquisition\/#primaryimage\",\"url\":\"https:\/\/mchconsultingusa.com\/wp-content\/uploads\/2020\/04\/monique-herzstein-cpa-due-diligence-service.jpg\",\"contentUrl\":\"https:\/\/mchconsultingusa.com\/wp-content\/uploads\/2020\/04\/monique-herzstein-cpa-due-diligence-service.jpg\",\"width\":881,\"height\":565},{\"@type\":\"BreadcrumbList\",\"@id\":\"https:\/\/mchconsultingusa.com\/fr\/nos-services\/due-diligence-dacquisition\/#breadcrumb\",\"itemListElement\":[{\"@type\":\"ListItem\",\"position\":1,\"name\":\"MCH Consulting\",\"item\":\"https:\/\/mchconsultingusa.com\/fr\/\"},{\"@type\":\"ListItem\",\"position\":2,\"name\":\"Nos services\",\"item\":\"https:\/\/mchconsultingusa.com\/fr\/nos-services\/\"},{\"@type\":\"ListItem\",\"position\":3,\"name\":\"Due Diligence d\u2019acquisition\"}]},{\"@type\":\"WebSite\",\"@id\":\"https:\/\/mchconsultingusa.com\/fr\/#website\",\"url\":\"https:\/\/mchconsultingusa.com\/fr\/\",\"name\":\"MCH Consulting USA\",\"description\":\"Votre partenaire comptable aux USA\",\"publisher\":{\"@id\":\"https:\/\/mchconsultingusa.com\/fr\/#organization\"},\"potentialAction\":[{\"@type\":\"SearchAction\",\"target\":{\"@type\":\"EntryPoint\",\"urlTemplate\":\"https:\/\/mchconsultingusa.com\/fr\/?s={search_term_string}\"},\"query-input\":{\"@type\":\"PropertyValueSpecification\",\"valueRequired\":true,\"valueName\":\"search_term_string\"}}],\"inLanguage\":\"fr-FR\"},{\"@type\":\"Organization\",\"@id\":\"https:\/\/mchconsultingusa.com\/fr\/#organization\",\"name\":\"MCH Consulting - Monique Herzstein CPA\",\"url\":\"https:\/\/mchconsultingusa.com\/fr\/\",\"logo\":{\"@type\":\"ImageObject\",\"inLanguage\":\"fr-FR\",\"@id\":\"https:\/\/mchconsultingusa.com\/fr\/#\/schema\/logo\/image\/\",\"url\":\"https:\/\/mchconsultingusa.com\/wp-content\/uploads\/2020\/03\/monique-herzstein-mch-consulting-logo.png\",\"contentUrl\":\"https:\/\/mchconsultingusa.com\/wp-content\/uploads\/2020\/03\/monique-herzstein-mch-consulting-logo.png\",\"width\":465,\"height\":287,\"caption\":\"MCH Consulting - Monique Herzstein CPA\"},\"image\":{\"@id\":\"https:\/\/mchconsultingusa.com\/fr\/#\/schema\/logo\/image\/\"}}]}<\/script>\n<!-- \/ Yoast SEO plugin. -->","yoast_head_json":{"title":"Due Diligence d\u2019acquisition - MCH Consulting USA","robots":{"index":"index","follow":"follow","max-snippet":"max-snippet:-1","max-image-preview":"max-image-preview:large","max-video-preview":"max-video-preview:-1"},"canonical":"https:\/\/mchconsultingusa.com\/fr\/nos-services\/due-diligence-dacquisition\/","og_locale":"fr_FR","og_type":"article","og_title":"Due Diligence d\u2019acquisition - MCH Consulting USA","og_description":"Investir ou acqu\u00e9rir une entreprise n\u00e9cessite une \u00e9valuation approfondie pour \u00e9viter les risques financiers et juridiques. Nos services de due diligence offrent une analyse compl\u00e8te de la situation financi\u00e8re, de la conformit\u00e9 fiscale, des obligations l\u00e9gales et de l\u2019efficacit\u00e9 op\u00e9rationnelle d\u2019une entreprise. Nous examinons les \u00e9tats financiers, la gestion des risques, les dettes et les [...]","og_url":"https:\/\/mchconsultingusa.com\/fr\/nos-services\/due-diligence-dacquisition\/","og_site_name":"MCH Consulting USA","article_modified_time":"2025-02-27T15:37:41+00:00","og_image":[{"width":881,"height":565,"url":"https:\/\/mchconsultingusa.com\/wp-content\/uploads\/2020\/04\/monique-herzstein-cpa-due-diligence-service.jpg","type":"image\/jpeg"}],"twitter_card":"summary_large_image","twitter_misc":{"Dur\u00e9e de lecture estim\u00e9e":"1 minute"},"schema":{"@context":"https:\/\/schema.org","@graph":[{"@type":"WebPage","@id":"https:\/\/mchconsultingusa.com\/fr\/nos-services\/due-diligence-dacquisition\/","url":"https:\/\/mchconsultingusa.com\/fr\/nos-services\/due-diligence-dacquisition\/","name":"Due Diligence d\u2019acquisition - MCH Consulting USA","isPartOf":{"@id":"https:\/\/mchconsultingusa.com\/fr\/#website"},"primaryImageOfPage":{"@id":"https:\/\/mchconsultingusa.com\/fr\/nos-services\/due-diligence-dacquisition\/#primaryimage"},"image":{"@id":"https:\/\/mchconsultingusa.com\/fr\/nos-services\/due-diligence-dacquisition\/#primaryimage"},"thumbnailUrl":"https:\/\/mchconsultingusa.com\/wp-content\/uploads\/2020\/04\/monique-herzstein-cpa-due-diligence-service.jpg","datePublished":"2019-07-30T00:00:11+00:00","dateModified":"2025-02-27T15:37:41+00:00","breadcrumb":{"@id":"https:\/\/mchconsultingusa.com\/fr\/nos-services\/due-diligence-dacquisition\/#breadcrumb"},"inLanguage":"fr-FR","potentialAction":[{"@type":"ReadAction","target":["https:\/\/mchconsultingusa.com\/fr\/nos-services\/due-diligence-dacquisition\/"]}]},{"@type":"ImageObject","inLanguage":"fr-FR","@id":"https:\/\/mchconsultingusa.com\/fr\/nos-services\/due-diligence-dacquisition\/#primaryimage","url":"https:\/\/mchconsultingusa.com\/wp-content\/uploads\/2020\/04\/monique-herzstein-cpa-due-diligence-service.jpg","contentUrl":"https:\/\/mchconsultingusa.com\/wp-content\/uploads\/2020\/04\/monique-herzstein-cpa-due-diligence-service.jpg","width":881,"height":565},{"@type":"BreadcrumbList","@id":"https:\/\/mchconsultingusa.com\/fr\/nos-services\/due-diligence-dacquisition\/#breadcrumb","itemListElement":[{"@type":"ListItem","position":1,"name":"MCH Consulting","item":"https:\/\/mchconsultingusa.com\/fr\/"},{"@type":"ListItem","position":2,"name":"Nos services","item":"https:\/\/mchconsultingusa.com\/fr\/nos-services\/"},{"@type":"ListItem","position":3,"name":"Due Diligence d\u2019acquisition"}]},{"@type":"WebSite","@id":"https:\/\/mchconsultingusa.com\/fr\/#website","url":"https:\/\/mchconsultingusa.com\/fr\/","name":"MCH Consulting USA","description":"Votre partenaire comptable aux USA","publisher":{"@id":"https:\/\/mchconsultingusa.com\/fr\/#organization"},"potentialAction":[{"@type":"SearchAction","target":{"@type":"EntryPoint","urlTemplate":"https:\/\/mchconsultingusa.com\/fr\/?s={search_term_string}"},"query-input":{"@type":"PropertyValueSpecification","valueRequired":true,"valueName":"search_term_string"}}],"inLanguage":"fr-FR"},{"@type":"Organization","@id":"https:\/\/mchconsultingusa.com\/fr\/#organization","name":"MCH Consulting - Monique Herzstein CPA","url":"https:\/\/mchconsultingusa.com\/fr\/","logo":{"@type":"ImageObject","inLanguage":"fr-FR","@id":"https:\/\/mchconsultingusa.com\/fr\/#\/schema\/logo\/image\/","url":"https:\/\/mchconsultingusa.com\/wp-content\/uploads\/2020\/03\/monique-herzstein-mch-consulting-logo.png","contentUrl":"https:\/\/mchconsultingusa.com\/wp-content\/uploads\/2020\/03\/monique-herzstein-mch-consulting-logo.png","width":465,"height":287,"caption":"MCH Consulting - Monique Herzstein CPA"},"image":{"@id":"https:\/\/mchconsultingusa.com\/fr\/#\/schema\/logo\/image\/"}}]}},"uagb_featured_image_src":{"full":["https:\/\/mchconsultingusa.com\/wp-content\/uploads\/2020\/04\/monique-herzstein-cpa-due-diligence-service.jpg",881,565,false],"thumbnail":["https:\/\/mchconsultingusa.com\/wp-content\/uploads\/2020\/04\/monique-herzstein-cpa-due-diligence-service.jpg",150,96,false],"medium":["https:\/\/mchconsultingusa.com\/wp-content\/uploads\/2020\/04\/monique-herzstein-cpa-due-diligence-service.jpg",300,192,false],"medium_large":["https:\/\/mchconsultingusa.com\/wp-content\/uploads\/2020\/04\/monique-herzstein-cpa-due-diligence-service.jpg",768,493,false],"large":["https:\/\/mchconsultingusa.com\/wp-content\/uploads\/2020\/04\/monique-herzstein-cpa-due-diligence-service.jpg",881,565,false],"1536x1536":["https:\/\/mchconsultingusa.com\/wp-content\/uploads\/2020\/04\/monique-herzstein-cpa-due-diligence-service.jpg",881,565,false],"2048x2048":["https:\/\/mchconsultingusa.com\/wp-content\/uploads\/2020\/04\/monique-herzstein-cpa-due-diligence-service.jpg",881,565,false],"vertical":["https:\/\/mchconsultingusa.com\/wp-content\/uploads\/2020\/04\/monique-herzstein-cpa-due-diligence-service-240x535.jpg",240,535,true],"gform-image-choice-sm":["https:\/\/mchconsultingusa.com\/wp-content\/uploads\/2020\/04\/monique-herzstein-cpa-due-diligence-service.jpg",300,192,false],"gform-image-choice-md":["https:\/\/mchconsultingusa.com\/wp-content\/uploads\/2020\/04\/monique-herzstein-cpa-due-diligence-service.jpg",400,257,false],"gform-image-choice-lg":["https:\/\/mchconsultingusa.com\/wp-content\/uploads\/2020\/04\/monique-herzstein-cpa-due-diligence-service.jpg",600,385,false],"mailpoet_newsletter_max":["https:\/\/mchconsultingusa.com\/wp-content\/uploads\/2020\/04\/monique-herzstein-cpa-due-diligence-service.jpg",881,565,false],"woocommerce_thumbnail":["https:\/\/mchconsultingusa.com\/wp-content\/uploads\/2020\/04\/monique-herzstein-cpa-due-diligence-service-300x300.jpg",300,300,true],"woocommerce_single":["https:\/\/mchconsultingusa.com\/wp-content\/uploads\/2020\/04\/monique-herzstein-cpa-due-diligence-service-600x385.jpg",600,385,true],"woocommerce_gallery_thumbnail":["https:\/\/mchconsultingusa.com\/wp-content\/uploads\/2020\/04\/monique-herzstein-cpa-due-diligence-service-100x100.jpg",100,100,true]},"uagb_author_info":{"display_name":"Monique Herzstein","author_link":"https:\/\/mchconsultingusa.com\/fr\/author\/mch-consulting\/"},"uagb_comment_info":0,"uagb_excerpt":"Investir ou acqu\u00e9rir une entreprise n\u00e9cessite une \u00e9valuation approfondie pour \u00e9viter les risques financiers et juridiques. Nos services de due diligence offrent une analyse compl\u00e8te de la situation financi\u00e8re, de la conformit\u00e9 fiscale, des obligations l\u00e9gales et de l\u2019efficacit\u00e9 op\u00e9rationnelle d\u2019une entreprise. Nous examinons les \u00e9tats financiers, la gestion des risques, les dettes et les\u2026","jetpack_sharing_enabled":true,"_links":{"self":[{"href":"https:\/\/mchconsultingusa.com\/fr\/wp-json\/wp\/v2\/pages\/2842","targetHints":{"allow":["GET"]}}],"collection":[{"href":"https:\/\/mchconsultingusa.com\/fr\/wp-json\/wp\/v2\/pages"}],"about":[{"href":"https:\/\/mchconsultingusa.com\/fr\/wp-json\/wp\/v2\/types\/page"}],"author":[{"embeddable":true,"href":"https:\/\/mchconsultingusa.com\/fr\/wp-json\/wp\/v2\/users\/10"}],"replies":[{"embeddable":true,"href":"https:\/\/mchconsultingusa.com\/fr\/wp-json\/wp\/v2\/comments?post=2842"}],"version-history":[{"count":4,"href":"https:\/\/mchconsultingusa.com\/fr\/wp-json\/wp\/v2\/pages\/2842\/revisions"}],"predecessor-version":[{"id":4167,"href":"https:\/\/mchconsultingusa.com\/fr\/wp-json\/wp\/v2\/pages\/2842\/revisions\/4167"}],"up":[{"embeddable":true,"href":"https:\/\/mchconsultingusa.com\/fr\/wp-json\/wp\/v2\/pages\/2833"}],"wp:featuredmedia":[{"embeddable":true,"href":"https:\/\/mchconsultingusa.com\/fr\/wp-json\/wp\/v2\/media\/2968"}],"wp:attachment":[{"href":"https:\/\/mchconsultingusa.com\/fr\/wp-json\/wp\/v2\/media?parent=2842"}],"curies":[{"name":"wp","href":"https:\/\/api.w.org\/{rel}","templated":true}]}}