{"id":2840,"date":"2019-06-29T20:00:08","date_gmt":"2019-06-30T00:00:08","guid":{"rendered":"https:\/\/mchconsultingusa.com\/business-plan-dimmigration\/"},"modified":"2025-02-27T10:37:37","modified_gmt":"2025-02-27T15:37:37","slug":"business-plan-dimmigration","status":"publish","type":"page","link":"https:\/\/mchconsultingusa.com\/fr\/nos-services\/business-plan-dimmigration\/","title":{"rendered":"Business Plan d\u2019immigration"},"content":{"rendered":"\n<figure class=\"wp-block-image size-full\"><img loading=\"lazy\" decoding=\"async\" width=\"881\" height=\"565\" src=\"https:\/\/mchconsultingusa.com\/wp-content\/uploads\/2020\/04\/monique-herzstein-business-plan-cpa-immigration-service.jpg\" alt=\"\" class=\"wp-image-2964\" srcset=\"https:\/\/mchconsultingusa.com\/wp-content\/uploads\/2020\/04\/monique-herzstein-business-plan-cpa-immigration-service.jpg 881w, https:\/\/mchconsultingusa.com\/wp-content\/uploads\/2020\/04\/monique-herzstein-business-plan-cpa-immigration-service-600x385.jpg 600w\" sizes=\"auto, (max-width: 881px) 100vw, 881px\" \/><\/figure>\n\n\n\n<p>Si vous postulez pour un visa investisseur E-2, L-1, EB-5 ou un autre type de visa professionnel, un plan d\u2019affaires solide est essentiel pour votre demande. <\/p>\n\n\n\n<p>Nous concevons des business plans d\u00e9taill\u00e9s et conformes aux exigences de l\u2019USCIS, mettant en avant votre mod\u00e8le \u00e9conomique, les pr\u00e9visions financi\u00e8res, la cr\u00e9ation d\u2019emplois et le potentiel de croissance de votre entreprise. <\/p>\n\n\n\n<p>Nos plans ne se limitent pas \u00e0 satisfaire les exigences des visas, mais servent \u00e9galement \u00e0 \u00e9tablir des bases solides pour le d\u00e9veloppement de votre activit\u00e9 aux \u00c9tats-Unis.<\/p>\n\n\n\n<div class=\"wp-block-uagb-buttons uagb-buttons__outer-wrap uagb-btn__default-btn uagb-btn-tablet__default-btn uagb-btn-mobile__default-btn uagb-block-a4109c4a\"><div class=\"uagb-buttons__wrap uagb-buttons-layout-wrap \">\n<div class=\"wp-block-uagb-buttons-child uagb-buttons__outer-wrap uagb-block-00622f9e wp-block-button\"><div class=\"uagb-button__wrapper\"><a class=\"uagb-buttons-repeater wp-block-button__link\" aria-label=\"\" href=\"https:\/\/mchconsultingusa.com\/fr\/a-propos-de-nous\/contact-mch-consulting\/\" rel=\"follow noopener\" target=\"_self\" role=\"button\"><div class=\"uagb-button__link\">Contactez Nous<\/div><\/a><\/div><\/div>\n<\/div><\/div>\n","protected":false},"excerpt":{"rendered":"<p>Si vous postulez pour un visa investisseur E-2, L-1, EB-5 ou un autre type de visa professionnel, un plan d\u2019affaires solide est essentiel pour votre demande. Nous concevons des business plans d\u00e9taill\u00e9s et conformes aux exigences de l\u2019USCIS, mettant en avant votre mod\u00e8le \u00e9conomique, les pr\u00e9visions financi\u00e8res, la cr\u00e9ation d\u2019emplois et le potentiel de croissance [&#8230;]\n","protected":false},"author":10,"featured_media":2964,"parent":2833,"menu_order":0,"comment_status":"closed","ping_status":"closed","template":"page-blank-sub-nav-vertical.php","meta":{"_acf_changed":false,"_uag_custom_page_level_css":"","footnotes":""},"class_list":["post-2840","page","type-page","status-publish","has-post-thumbnail","hentry"],"acf":[],"yoast_head":"<!-- This site is optimized with the Yoast SEO plugin v26.7 - https:\/\/yoast.com\/wordpress\/plugins\/seo\/ -->\n<title>Business Plan d\u2019immigration - MCH Consulting USA<\/title>\n<meta name=\"robots\" content=\"index, follow, max-snippet:-1, max-image-preview:large, max-video-preview:-1\" \/>\n<link rel=\"canonical\" href=\"https:\/\/mchconsultingusa.com\/fr\/nos-services\/business-plan-dimmigration\/\" \/>\n<meta property=\"og:locale\" content=\"fr_FR\" \/>\n<meta property=\"og:type\" content=\"article\" \/>\n<meta property=\"og:title\" content=\"Business Plan d\u2019immigration - MCH Consulting USA\" \/>\n<meta property=\"og:description\" content=\"Si vous postulez pour un visa investisseur E-2, L-1, EB-5 ou un autre type de visa professionnel, un plan d\u2019affaires solide est essentiel pour votre demande. Nous concevons des business plans d\u00e9taill\u00e9s et conformes aux exigences de l\u2019USCIS, mettant en avant votre mod\u00e8le \u00e9conomique, les pr\u00e9visions financi\u00e8res, la cr\u00e9ation d\u2019emplois et le potentiel de croissance [...]\" \/>\n<meta property=\"og:url\" content=\"https:\/\/mchconsultingusa.com\/fr\/nos-services\/business-plan-dimmigration\/\" \/>\n<meta property=\"og:site_name\" content=\"MCH Consulting USA\" \/>\n<meta property=\"article:modified_time\" content=\"2025-02-27T15:37:37+00:00\" \/>\n<meta property=\"og:image\" content=\"https:\/\/mchconsultingusa.com\/wp-content\/uploads\/2020\/04\/monique-herzstein-business-plan-cpa-immigration-service.jpg\" \/>\n\t<meta property=\"og:image:width\" content=\"881\" \/>\n\t<meta property=\"og:image:height\" content=\"565\" \/>\n\t<meta property=\"og:image:type\" content=\"image\/jpeg\" \/>\n<meta name=\"twitter:card\" content=\"summary_large_image\" \/>\n<meta name=\"twitter:label1\" content=\"Dur\u00e9e de lecture estim\u00e9e\" \/>\n\t<meta name=\"twitter:data1\" content=\"1 minute\" \/>\n<script type=\"application\/ld+json\" class=\"yoast-schema-graph\">{\"@context\":\"https:\/\/schema.org\",\"@graph\":[{\"@type\":\"WebPage\",\"@id\":\"https:\/\/mchconsultingusa.com\/fr\/nos-services\/business-plan-dimmigration\/\",\"url\":\"https:\/\/mchconsultingusa.com\/fr\/nos-services\/business-plan-dimmigration\/\",\"name\":\"Business Plan d\u2019immigration - MCH Consulting USA\",\"isPartOf\":{\"@id\":\"https:\/\/mchconsultingusa.com\/fr\/#website\"},\"primaryImageOfPage\":{\"@id\":\"https:\/\/mchconsultingusa.com\/fr\/nos-services\/business-plan-dimmigration\/#primaryimage\"},\"image\":{\"@id\":\"https:\/\/mchconsultingusa.com\/fr\/nos-services\/business-plan-dimmigration\/#primaryimage\"},\"thumbnailUrl\":\"https:\/\/mchconsultingusa.com\/wp-content\/uploads\/2020\/04\/monique-herzstein-business-plan-cpa-immigration-service.jpg\",\"datePublished\":\"2019-06-30T00:00:08+00:00\",\"dateModified\":\"2025-02-27T15:37:37+00:00\",\"breadcrumb\":{\"@id\":\"https:\/\/mchconsultingusa.com\/fr\/nos-services\/business-plan-dimmigration\/#breadcrumb\"},\"inLanguage\":\"fr-FR\",\"potentialAction\":[{\"@type\":\"ReadAction\",\"target\":[\"https:\/\/mchconsultingusa.com\/fr\/nos-services\/business-plan-dimmigration\/\"]}]},{\"@type\":\"ImageObject\",\"inLanguage\":\"fr-FR\",\"@id\":\"https:\/\/mchconsultingusa.com\/fr\/nos-services\/business-plan-dimmigration\/#primaryimage\",\"url\":\"https:\/\/mchconsultingusa.com\/wp-content\/uploads\/2020\/04\/monique-herzstein-business-plan-cpa-immigration-service.jpg\",\"contentUrl\":\"https:\/\/mchconsultingusa.com\/wp-content\/uploads\/2020\/04\/monique-herzstein-business-plan-cpa-immigration-service.jpg\",\"width\":881,\"height\":565},{\"@type\":\"BreadcrumbList\",\"@id\":\"https:\/\/mchconsultingusa.com\/fr\/nos-services\/business-plan-dimmigration\/#breadcrumb\",\"itemListElement\":[{\"@type\":\"ListItem\",\"position\":1,\"name\":\"MCH Consulting\",\"item\":\"https:\/\/mchconsultingusa.com\/fr\/\"},{\"@type\":\"ListItem\",\"position\":2,\"name\":\"Nos services\",\"item\":\"https:\/\/mchconsultingusa.com\/fr\/nos-services\/\"},{\"@type\":\"ListItem\",\"position\":3,\"name\":\"Business Plan d\u2019immigration\"}]},{\"@type\":\"WebSite\",\"@id\":\"https:\/\/mchconsultingusa.com\/fr\/#website\",\"url\":\"https:\/\/mchconsultingusa.com\/fr\/\",\"name\":\"MCH Consulting USA\",\"description\":\"Votre partenaire comptable aux USA\",\"publisher\":{\"@id\":\"https:\/\/mchconsultingusa.com\/fr\/#organization\"},\"potentialAction\":[{\"@type\":\"SearchAction\",\"target\":{\"@type\":\"EntryPoint\",\"urlTemplate\":\"https:\/\/mchconsultingusa.com\/fr\/?s={search_term_string}\"},\"query-input\":{\"@type\":\"PropertyValueSpecification\",\"valueRequired\":true,\"valueName\":\"search_term_string\"}}],\"inLanguage\":\"fr-FR\"},{\"@type\":\"Organization\",\"@id\":\"https:\/\/mchconsultingusa.com\/fr\/#organization\",\"name\":\"MCH Consulting - Monique Herzstein CPA\",\"url\":\"https:\/\/mchconsultingusa.com\/fr\/\",\"logo\":{\"@type\":\"ImageObject\",\"inLanguage\":\"fr-FR\",\"@id\":\"https:\/\/mchconsultingusa.com\/fr\/#\/schema\/logo\/image\/\",\"url\":\"https:\/\/mchconsultingusa.com\/wp-content\/uploads\/2020\/03\/monique-herzstein-mch-consulting-logo.png\",\"contentUrl\":\"https:\/\/mchconsultingusa.com\/wp-content\/uploads\/2020\/03\/monique-herzstein-mch-consulting-logo.png\",\"width\":465,\"height\":287,\"caption\":\"MCH Consulting - Monique Herzstein CPA\"},\"image\":{\"@id\":\"https:\/\/mchconsultingusa.com\/fr\/#\/schema\/logo\/image\/\"}}]}<\/script>\n<!-- \/ Yoast SEO plugin. -->","yoast_head_json":{"title":"Business Plan d\u2019immigration - MCH Consulting USA","robots":{"index":"index","follow":"follow","max-snippet":"max-snippet:-1","max-image-preview":"max-image-preview:large","max-video-preview":"max-video-preview:-1"},"canonical":"https:\/\/mchconsultingusa.com\/fr\/nos-services\/business-plan-dimmigration\/","og_locale":"fr_FR","og_type":"article","og_title":"Business Plan d\u2019immigration - MCH Consulting USA","og_description":"Si vous postulez pour un visa investisseur E-2, L-1, EB-5 ou un autre type de visa professionnel, un plan d\u2019affaires solide est essentiel pour votre demande. Nous concevons des business plans d\u00e9taill\u00e9s et conformes aux exigences de l\u2019USCIS, mettant en avant votre mod\u00e8le \u00e9conomique, les pr\u00e9visions financi\u00e8res, la cr\u00e9ation d\u2019emplois et le potentiel de croissance [...]","og_url":"https:\/\/mchconsultingusa.com\/fr\/nos-services\/business-plan-dimmigration\/","og_site_name":"MCH Consulting USA","article_modified_time":"2025-02-27T15:37:37+00:00","og_image":[{"width":881,"height":565,"url":"https:\/\/mchconsultingusa.com\/wp-content\/uploads\/2020\/04\/monique-herzstein-business-plan-cpa-immigration-service.jpg","type":"image\/jpeg"}],"twitter_card":"summary_large_image","twitter_misc":{"Dur\u00e9e de lecture estim\u00e9e":"1 minute"},"schema":{"@context":"https:\/\/schema.org","@graph":[{"@type":"WebPage","@id":"https:\/\/mchconsultingusa.com\/fr\/nos-services\/business-plan-dimmigration\/","url":"https:\/\/mchconsultingusa.com\/fr\/nos-services\/business-plan-dimmigration\/","name":"Business Plan d\u2019immigration - MCH Consulting USA","isPartOf":{"@id":"https:\/\/mchconsultingusa.com\/fr\/#website"},"primaryImageOfPage":{"@id":"https:\/\/mchconsultingusa.com\/fr\/nos-services\/business-plan-dimmigration\/#primaryimage"},"image":{"@id":"https:\/\/mchconsultingusa.com\/fr\/nos-services\/business-plan-dimmigration\/#primaryimage"},"thumbnailUrl":"https:\/\/mchconsultingusa.com\/wp-content\/uploads\/2020\/04\/monique-herzstein-business-plan-cpa-immigration-service.jpg","datePublished":"2019-06-30T00:00:08+00:00","dateModified":"2025-02-27T15:37:37+00:00","breadcrumb":{"@id":"https:\/\/mchconsultingusa.com\/fr\/nos-services\/business-plan-dimmigration\/#breadcrumb"},"inLanguage":"fr-FR","potentialAction":[{"@type":"ReadAction","target":["https:\/\/mchconsultingusa.com\/fr\/nos-services\/business-plan-dimmigration\/"]}]},{"@type":"ImageObject","inLanguage":"fr-FR","@id":"https:\/\/mchconsultingusa.com\/fr\/nos-services\/business-plan-dimmigration\/#primaryimage","url":"https:\/\/mchconsultingusa.com\/wp-content\/uploads\/2020\/04\/monique-herzstein-business-plan-cpa-immigration-service.jpg","contentUrl":"https:\/\/mchconsultingusa.com\/wp-content\/uploads\/2020\/04\/monique-herzstein-business-plan-cpa-immigration-service.jpg","width":881,"height":565},{"@type":"BreadcrumbList","@id":"https:\/\/mchconsultingusa.com\/fr\/nos-services\/business-plan-dimmigration\/#breadcrumb","itemListElement":[{"@type":"ListItem","position":1,"name":"MCH Consulting","item":"https:\/\/mchconsultingusa.com\/fr\/"},{"@type":"ListItem","position":2,"name":"Nos services","item":"https:\/\/mchconsultingusa.com\/fr\/nos-services\/"},{"@type":"ListItem","position":3,"name":"Business Plan d\u2019immigration"}]},{"@type":"WebSite","@id":"https:\/\/mchconsultingusa.com\/fr\/#website","url":"https:\/\/mchconsultingusa.com\/fr\/","name":"MCH Consulting USA","description":"Votre partenaire comptable aux USA","publisher":{"@id":"https:\/\/mchconsultingusa.com\/fr\/#organization"},"potentialAction":[{"@type":"SearchAction","target":{"@type":"EntryPoint","urlTemplate":"https:\/\/mchconsultingusa.com\/fr\/?s={search_term_string}"},"query-input":{"@type":"PropertyValueSpecification","valueRequired":true,"valueName":"search_term_string"}}],"inLanguage":"fr-FR"},{"@type":"Organization","@id":"https:\/\/mchconsultingusa.com\/fr\/#organization","name":"MCH Consulting - Monique Herzstein CPA","url":"https:\/\/mchconsultingusa.com\/fr\/","logo":{"@type":"ImageObject","inLanguage":"fr-FR","@id":"https:\/\/mchconsultingusa.com\/fr\/#\/schema\/logo\/image\/","url":"https:\/\/mchconsultingusa.com\/wp-content\/uploads\/2020\/03\/monique-herzstein-mch-consulting-logo.png","contentUrl":"https:\/\/mchconsultingusa.com\/wp-content\/uploads\/2020\/03\/monique-herzstein-mch-consulting-logo.png","width":465,"height":287,"caption":"MCH Consulting - Monique Herzstein CPA"},"image":{"@id":"https:\/\/mchconsultingusa.com\/fr\/#\/schema\/logo\/image\/"}}]}},"uagb_featured_image_src":{"full":["https:\/\/mchconsultingusa.com\/wp-content\/uploads\/2020\/04\/monique-herzstein-business-plan-cpa-immigration-service.jpg",881,565,false],"thumbnail":["https:\/\/mchconsultingusa.com\/wp-content\/uploads\/2020\/04\/monique-herzstein-business-plan-cpa-immigration-service.jpg",150,96,false],"medium":["https:\/\/mchconsultingusa.com\/wp-content\/uploads\/2020\/04\/monique-herzstein-business-plan-cpa-immigration-service.jpg",300,192,false],"medium_large":["https:\/\/mchconsultingusa.com\/wp-content\/uploads\/2020\/04\/monique-herzstein-business-plan-cpa-immigration-service.jpg",768,493,false],"large":["https:\/\/mchconsultingusa.com\/wp-content\/uploads\/2020\/04\/monique-herzstein-business-plan-cpa-immigration-service.jpg",881,565,false],"1536x1536":["https:\/\/mchconsultingusa.com\/wp-content\/uploads\/2020\/04\/monique-herzstein-business-plan-cpa-immigration-service.jpg",881,565,false],"2048x2048":["https:\/\/mchconsultingusa.com\/wp-content\/uploads\/2020\/04\/monique-herzstein-business-plan-cpa-immigration-service.jpg",881,565,false],"vertical":["https:\/\/mchconsultingusa.com\/wp-content\/uploads\/2020\/04\/monique-herzstein-business-plan-cpa-immigration-service-240x535.jpg",240,535,true],"gform-image-choice-sm":["https:\/\/mchconsultingusa.com\/wp-content\/uploads\/2020\/04\/monique-herzstein-business-plan-cpa-immigration-service.jpg",300,192,false],"gform-image-choice-md":["https:\/\/mchconsultingusa.com\/wp-content\/uploads\/2020\/04\/monique-herzstein-business-plan-cpa-immigration-service.jpg",400,257,false],"gform-image-choice-lg":["https:\/\/mchconsultingusa.com\/wp-content\/uploads\/2020\/04\/monique-herzstein-business-plan-cpa-immigration-service.jpg",600,385,false],"mailpoet_newsletter_max":["https:\/\/mchconsultingusa.com\/wp-content\/uploads\/2020\/04\/monique-herzstein-business-plan-cpa-immigration-service.jpg",881,565,false],"woocommerce_thumbnail":["https:\/\/mchconsultingusa.com\/wp-content\/uploads\/2020\/04\/monique-herzstein-business-plan-cpa-immigration-service-300x300.jpg",300,300,true],"woocommerce_single":["https:\/\/mchconsultingusa.com\/wp-content\/uploads\/2020\/04\/monique-herzstein-business-plan-cpa-immigration-service-600x385.jpg",600,385,true],"woocommerce_gallery_thumbnail":["https:\/\/mchconsultingusa.com\/wp-content\/uploads\/2020\/04\/monique-herzstein-business-plan-cpa-immigration-service-100x100.jpg",100,100,true]},"uagb_author_info":{"display_name":"Monique Herzstein","author_link":"https:\/\/mchconsultingusa.com\/fr\/author\/mch-consulting\/"},"uagb_comment_info":0,"uagb_excerpt":"Si vous postulez pour un visa investisseur E-2, L-1, EB-5 ou un autre type de visa professionnel, un plan d\u2019affaires solide est essentiel pour votre demande. Nous concevons des business plans d\u00e9taill\u00e9s et conformes aux exigences de l\u2019USCIS, mettant en avant votre mod\u00e8le \u00e9conomique, les pr\u00e9visions financi\u00e8res, la cr\u00e9ation d\u2019emplois et le potentiel de croissance\u2026","jetpack_sharing_enabled":true,"_links":{"self":[{"href":"https:\/\/mchconsultingusa.com\/fr\/wp-json\/wp\/v2\/pages\/2840","targetHints":{"allow":["GET"]}}],"collection":[{"href":"https:\/\/mchconsultingusa.com\/fr\/wp-json\/wp\/v2\/pages"}],"about":[{"href":"https:\/\/mchconsultingusa.com\/fr\/wp-json\/wp\/v2\/types\/page"}],"author":[{"embeddable":true,"href":"https:\/\/mchconsultingusa.com\/fr\/wp-json\/wp\/v2\/users\/10"}],"replies":[{"embeddable":true,"href":"https:\/\/mchconsultingusa.com\/fr\/wp-json\/wp\/v2\/comments?post=2840"}],"version-history":[{"count":4,"href":"https:\/\/mchconsultingusa.com\/fr\/wp-json\/wp\/v2\/pages\/2840\/revisions"}],"predecessor-version":[{"id":4166,"href":"https:\/\/mchconsultingusa.com\/fr\/wp-json\/wp\/v2\/pages\/2840\/revisions\/4166"}],"up":[{"embeddable":true,"href":"https:\/\/mchconsultingusa.com\/fr\/wp-json\/wp\/v2\/pages\/2833"}],"wp:featuredmedia":[{"embeddable":true,"href":"https:\/\/mchconsultingusa.com\/fr\/wp-json\/wp\/v2\/media\/2964"}],"wp:attachment":[{"href":"https:\/\/mchconsultingusa.com\/fr\/wp-json\/wp\/v2\/media?parent=2840"}],"curies":[{"name":"wp","href":"https:\/\/api.w.org\/{rel}","templated":true}]}}