{"id":2837,"date":"2019-04-29T20:00:05","date_gmt":"2019-04-30T00:00:05","guid":{"rendered":"https:\/\/mchconsultingusa.com\/creation-dentreprises-et-demarches-administratives\/"},"modified":"2025-02-27T10:37:27","modified_gmt":"2025-02-27T15:37:27","slug":"creation-dentreprises-et-demarches-administratives","status":"publish","type":"page","link":"https:\/\/mchconsultingusa.com\/fr\/nos-services\/creation-dentreprises-et-demarches-administratives\/","title":{"rendered":"Cr\u00e9ation d\u2019Entreprise et Gestion Administrative"},"content":{"rendered":"\n<figure class=\"wp-block-image size-full\"><img loading=\"lazy\" decoding=\"async\" width=\"881\" height=\"565\" src=\"https:\/\/mchconsultingusa.com\/wp-content\/uploads\/2020\/04\/mch-consulting-cpa-creation-entreprise-floride-2.jpg\" alt=\"\" class=\"wp-image-3082\" srcset=\"https:\/\/mchconsultingusa.com\/wp-content\/uploads\/2020\/04\/mch-consulting-cpa-creation-entreprise-floride-2.jpg 881w, https:\/\/mchconsultingusa.com\/wp-content\/uploads\/2020\/04\/mch-consulting-cpa-creation-entreprise-floride-2-600x385.jpg 600w\" sizes=\"auto, (max-width: 881px) 100vw, 881px\" \/><\/figure>\n\n\n\n<p>Lancer une entreprise aux \u00c9tats-Unis implique plusieurs d\u00e9marches administratives et l\u00e9gales. Nous simplifions le processus en vous accompagnant dans l\u2019enregistrement de votre entreprise, le choix du statut juridique (LLC, Corporation, Partenariat), l&rsquo;obtention d\u2019un EIN, la r\u00e9daction des statuts et la mise en conformit\u00e9. <\/p>\n\n\n\n<p>Que vous soyez r\u00e9sident am\u00e9ricain ou entrepreneur \u00e9tranger, nous vous aidons \u00e0 \u00e9tablir votre entreprise en toute l\u00e9galit\u00e9 et conformit\u00e9 avec les r\u00e9glementations f\u00e9d\u00e9rales et \u00e9tatiques. En plus de la cr\u00e9ation d\u2019entreprise, nous assurons un suivi comptable, fiscal et administratif continu pour assurer le bon fonctionnement de votre soci\u00e9t\u00e9.<\/p>\n\n\n\n<div class=\"wp-block-uagb-buttons uagb-buttons__outer-wrap uagb-btn__default-btn uagb-btn-tablet__default-btn uagb-btn-mobile__default-btn uagb-block-a4109c4a\"><div class=\"uagb-buttons__wrap uagb-buttons-layout-wrap \">\n<div class=\"wp-block-uagb-buttons-child uagb-buttons__outer-wrap uagb-block-00622f9e wp-block-button\"><div class=\"uagb-button__wrapper\"><a class=\"uagb-buttons-repeater wp-block-button__link\" aria-label=\"\" href=\"https:\/\/mchconsultingusa.com\/fr\/a-propos-de-nous\/contact-mch-consulting\/\" rel=\"follow noopener\" target=\"_self\" role=\"button\"><div class=\"uagb-button__link\">Contactez Nous<\/div><\/a><\/div><\/div>\n<\/div><\/div>\n","protected":false},"excerpt":{"rendered":"<p>Lancer une entreprise aux \u00c9tats-Unis implique plusieurs d\u00e9marches administratives et l\u00e9gales. Nous simplifions le processus en vous accompagnant dans l\u2019enregistrement de votre entreprise, le choix du statut juridique (LLC, Corporation, Partenariat), l&rsquo;obtention d\u2019un EIN, la r\u00e9daction des statuts et la mise en conformit\u00e9. Que vous soyez r\u00e9sident am\u00e9ricain ou entrepreneur \u00e9tranger, nous vous aidons \u00e0 [&#8230;]\n","protected":false},"author":10,"featured_media":3082,"parent":2833,"menu_order":0,"comment_status":"closed","ping_status":"closed","template":"page-blank-sub-nav-vertical.php","meta":{"_acf_changed":false,"_uag_custom_page_level_css":"","footnotes":""},"class_list":["post-2837","page","type-page","status-publish","has-post-thumbnail","hentry"],"acf":[],"yoast_head":"<!-- This site is optimized with the Yoast SEO plugin v26.7 - https:\/\/yoast.com\/wordpress\/plugins\/seo\/ -->\n<title>Cr\u00e9ation d\u2019Entreprise et Gestion Administrative - MCH Consulting USA<\/title>\n<meta name=\"robots\" content=\"index, follow, max-snippet:-1, max-image-preview:large, max-video-preview:-1\" \/>\n<link rel=\"canonical\" href=\"https:\/\/mchconsultingusa.com\/fr\/nos-services\/creation-dentreprises-et-demarches-administratives\/\" \/>\n<meta property=\"og:locale\" content=\"fr_FR\" \/>\n<meta property=\"og:type\" content=\"article\" \/>\n<meta property=\"og:title\" content=\"Cr\u00e9ation d\u2019Entreprise et Gestion Administrative - MCH Consulting USA\" \/>\n<meta property=\"og:description\" content=\"Lancer une entreprise aux \u00c9tats-Unis implique plusieurs d\u00e9marches administratives et l\u00e9gales. Nous simplifions le processus en vous accompagnant dans l\u2019enregistrement de votre entreprise, le choix du statut juridique (LLC, Corporation, Partenariat), l&rsquo;obtention d\u2019un EIN, la r\u00e9daction des statuts et la mise en conformit\u00e9. Que vous soyez r\u00e9sident am\u00e9ricain ou entrepreneur \u00e9tranger, nous vous aidons \u00e0 [...]\" \/>\n<meta property=\"og:url\" content=\"https:\/\/mchconsultingusa.com\/fr\/nos-services\/creation-dentreprises-et-demarches-administratives\/\" \/>\n<meta property=\"og:site_name\" content=\"MCH Consulting USA\" \/>\n<meta property=\"article:modified_time\" content=\"2025-02-27T15:37:27+00:00\" \/>\n<meta property=\"og:image\" content=\"https:\/\/mchconsultingusa.com\/wp-content\/uploads\/2020\/04\/mch-consulting-cpa-creation-entreprise-floride-2.jpg\" \/>\n\t<meta property=\"og:image:width\" content=\"881\" \/>\n\t<meta property=\"og:image:height\" content=\"565\" \/>\n\t<meta property=\"og:image:type\" content=\"image\/jpeg\" \/>\n<meta name=\"twitter:card\" content=\"summary_large_image\" \/>\n<meta name=\"twitter:label1\" content=\"Dur\u00e9e de lecture estim\u00e9e\" \/>\n\t<meta name=\"twitter:data1\" content=\"1 minute\" \/>\n<script type=\"application\/ld+json\" class=\"yoast-schema-graph\">{\"@context\":\"https:\/\/schema.org\",\"@graph\":[{\"@type\":\"WebPage\",\"@id\":\"https:\/\/mchconsultingusa.com\/fr\/nos-services\/creation-dentreprises-et-demarches-administratives\/\",\"url\":\"https:\/\/mchconsultingusa.com\/fr\/nos-services\/creation-dentreprises-et-demarches-administratives\/\",\"name\":\"Cr\u00e9ation d\u2019Entreprise et Gestion Administrative - MCH Consulting USA\",\"isPartOf\":{\"@id\":\"https:\/\/mchconsultingusa.com\/fr\/#website\"},\"primaryImageOfPage\":{\"@id\":\"https:\/\/mchconsultingusa.com\/fr\/nos-services\/creation-dentreprises-et-demarches-administratives\/#primaryimage\"},\"image\":{\"@id\":\"https:\/\/mchconsultingusa.com\/fr\/nos-services\/creation-dentreprises-et-demarches-administratives\/#primaryimage\"},\"thumbnailUrl\":\"https:\/\/mchconsultingusa.com\/wp-content\/uploads\/2020\/04\/mch-consulting-cpa-creation-entreprise-floride-2.jpg\",\"datePublished\":\"2019-04-30T00:00:05+00:00\",\"dateModified\":\"2025-02-27T15:37:27+00:00\",\"breadcrumb\":{\"@id\":\"https:\/\/mchconsultingusa.com\/fr\/nos-services\/creation-dentreprises-et-demarches-administratives\/#breadcrumb\"},\"inLanguage\":\"fr-FR\",\"potentialAction\":[{\"@type\":\"ReadAction\",\"target\":[\"https:\/\/mchconsultingusa.com\/fr\/nos-services\/creation-dentreprises-et-demarches-administratives\/\"]}]},{\"@type\":\"ImageObject\",\"inLanguage\":\"fr-FR\",\"@id\":\"https:\/\/mchconsultingusa.com\/fr\/nos-services\/creation-dentreprises-et-demarches-administratives\/#primaryimage\",\"url\":\"https:\/\/mchconsultingusa.com\/wp-content\/uploads\/2020\/04\/mch-consulting-cpa-creation-entreprise-floride-2.jpg\",\"contentUrl\":\"https:\/\/mchconsultingusa.com\/wp-content\/uploads\/2020\/04\/mch-consulting-cpa-creation-entreprise-floride-2.jpg\",\"width\":881,\"height\":565},{\"@type\":\"BreadcrumbList\",\"@id\":\"https:\/\/mchconsultingusa.com\/fr\/nos-services\/creation-dentreprises-et-demarches-administratives\/#breadcrumb\",\"itemListElement\":[{\"@type\":\"ListItem\",\"position\":1,\"name\":\"MCH Consulting\",\"item\":\"https:\/\/mchconsultingusa.com\/fr\/\"},{\"@type\":\"ListItem\",\"position\":2,\"name\":\"Nos services\",\"item\":\"https:\/\/mchconsultingusa.com\/fr\/nos-services\/\"},{\"@type\":\"ListItem\",\"position\":3,\"name\":\"Cr\u00e9ation d\u2019Entreprise et Gestion Administrative\"}]},{\"@type\":\"WebSite\",\"@id\":\"https:\/\/mchconsultingusa.com\/fr\/#website\",\"url\":\"https:\/\/mchconsultingusa.com\/fr\/\",\"name\":\"MCH Consulting USA\",\"description\":\"Votre partenaire comptable aux USA\",\"publisher\":{\"@id\":\"https:\/\/mchconsultingusa.com\/fr\/#organization\"},\"potentialAction\":[{\"@type\":\"SearchAction\",\"target\":{\"@type\":\"EntryPoint\",\"urlTemplate\":\"https:\/\/mchconsultingusa.com\/fr\/?s={search_term_string}\"},\"query-input\":{\"@type\":\"PropertyValueSpecification\",\"valueRequired\":true,\"valueName\":\"search_term_string\"}}],\"inLanguage\":\"fr-FR\"},{\"@type\":\"Organization\",\"@id\":\"https:\/\/mchconsultingusa.com\/fr\/#organization\",\"name\":\"MCH Consulting - Monique Herzstein CPA\",\"url\":\"https:\/\/mchconsultingusa.com\/fr\/\",\"logo\":{\"@type\":\"ImageObject\",\"inLanguage\":\"fr-FR\",\"@id\":\"https:\/\/mchconsultingusa.com\/fr\/#\/schema\/logo\/image\/\",\"url\":\"https:\/\/mchconsultingusa.com\/wp-content\/uploads\/2020\/03\/monique-herzstein-mch-consulting-logo.png\",\"contentUrl\":\"https:\/\/mchconsultingusa.com\/wp-content\/uploads\/2020\/03\/monique-herzstein-mch-consulting-logo.png\",\"width\":465,\"height\":287,\"caption\":\"MCH Consulting - Monique Herzstein CPA\"},\"image\":{\"@id\":\"https:\/\/mchconsultingusa.com\/fr\/#\/schema\/logo\/image\/\"}}]}<\/script>\n<!-- \/ Yoast SEO plugin. -->","yoast_head_json":{"title":"Cr\u00e9ation d\u2019Entreprise et Gestion Administrative - MCH Consulting USA","robots":{"index":"index","follow":"follow","max-snippet":"max-snippet:-1","max-image-preview":"max-image-preview:large","max-video-preview":"max-video-preview:-1"},"canonical":"https:\/\/mchconsultingusa.com\/fr\/nos-services\/creation-dentreprises-et-demarches-administratives\/","og_locale":"fr_FR","og_type":"article","og_title":"Cr\u00e9ation d\u2019Entreprise et Gestion Administrative - MCH Consulting USA","og_description":"Lancer une entreprise aux \u00c9tats-Unis implique plusieurs d\u00e9marches administratives et l\u00e9gales. Nous simplifions le processus en vous accompagnant dans l\u2019enregistrement de votre entreprise, le choix du statut juridique (LLC, Corporation, Partenariat), l&rsquo;obtention d\u2019un EIN, la r\u00e9daction des statuts et la mise en conformit\u00e9. Que vous soyez r\u00e9sident am\u00e9ricain ou entrepreneur \u00e9tranger, nous vous aidons \u00e0 [...]","og_url":"https:\/\/mchconsultingusa.com\/fr\/nos-services\/creation-dentreprises-et-demarches-administratives\/","og_site_name":"MCH Consulting USA","article_modified_time":"2025-02-27T15:37:27+00:00","og_image":[{"width":881,"height":565,"url":"https:\/\/mchconsultingusa.com\/wp-content\/uploads\/2020\/04\/mch-consulting-cpa-creation-entreprise-floride-2.jpg","type":"image\/jpeg"}],"twitter_card":"summary_large_image","twitter_misc":{"Dur\u00e9e de lecture estim\u00e9e":"1 minute"},"schema":{"@context":"https:\/\/schema.org","@graph":[{"@type":"WebPage","@id":"https:\/\/mchconsultingusa.com\/fr\/nos-services\/creation-dentreprises-et-demarches-administratives\/","url":"https:\/\/mchconsultingusa.com\/fr\/nos-services\/creation-dentreprises-et-demarches-administratives\/","name":"Cr\u00e9ation d\u2019Entreprise et Gestion Administrative - MCH Consulting USA","isPartOf":{"@id":"https:\/\/mchconsultingusa.com\/fr\/#website"},"primaryImageOfPage":{"@id":"https:\/\/mchconsultingusa.com\/fr\/nos-services\/creation-dentreprises-et-demarches-administratives\/#primaryimage"},"image":{"@id":"https:\/\/mchconsultingusa.com\/fr\/nos-services\/creation-dentreprises-et-demarches-administratives\/#primaryimage"},"thumbnailUrl":"https:\/\/mchconsultingusa.com\/wp-content\/uploads\/2020\/04\/mch-consulting-cpa-creation-entreprise-floride-2.jpg","datePublished":"2019-04-30T00:00:05+00:00","dateModified":"2025-02-27T15:37:27+00:00","breadcrumb":{"@id":"https:\/\/mchconsultingusa.com\/fr\/nos-services\/creation-dentreprises-et-demarches-administratives\/#breadcrumb"},"inLanguage":"fr-FR","potentialAction":[{"@type":"ReadAction","target":["https:\/\/mchconsultingusa.com\/fr\/nos-services\/creation-dentreprises-et-demarches-administratives\/"]}]},{"@type":"ImageObject","inLanguage":"fr-FR","@id":"https:\/\/mchconsultingusa.com\/fr\/nos-services\/creation-dentreprises-et-demarches-administratives\/#primaryimage","url":"https:\/\/mchconsultingusa.com\/wp-content\/uploads\/2020\/04\/mch-consulting-cpa-creation-entreprise-floride-2.jpg","contentUrl":"https:\/\/mchconsultingusa.com\/wp-content\/uploads\/2020\/04\/mch-consulting-cpa-creation-entreprise-floride-2.jpg","width":881,"height":565},{"@type":"BreadcrumbList","@id":"https:\/\/mchconsultingusa.com\/fr\/nos-services\/creation-dentreprises-et-demarches-administratives\/#breadcrumb","itemListElement":[{"@type":"ListItem","position":1,"name":"MCH Consulting","item":"https:\/\/mchconsultingusa.com\/fr\/"},{"@type":"ListItem","position":2,"name":"Nos services","item":"https:\/\/mchconsultingusa.com\/fr\/nos-services\/"},{"@type":"ListItem","position":3,"name":"Cr\u00e9ation d\u2019Entreprise et Gestion Administrative"}]},{"@type":"WebSite","@id":"https:\/\/mchconsultingusa.com\/fr\/#website","url":"https:\/\/mchconsultingusa.com\/fr\/","name":"MCH Consulting USA","description":"Votre partenaire comptable aux USA","publisher":{"@id":"https:\/\/mchconsultingusa.com\/fr\/#organization"},"potentialAction":[{"@type":"SearchAction","target":{"@type":"EntryPoint","urlTemplate":"https:\/\/mchconsultingusa.com\/fr\/?s={search_term_string}"},"query-input":{"@type":"PropertyValueSpecification","valueRequired":true,"valueName":"search_term_string"}}],"inLanguage":"fr-FR"},{"@type":"Organization","@id":"https:\/\/mchconsultingusa.com\/fr\/#organization","name":"MCH Consulting - Monique Herzstein CPA","url":"https:\/\/mchconsultingusa.com\/fr\/","logo":{"@type":"ImageObject","inLanguage":"fr-FR","@id":"https:\/\/mchconsultingusa.com\/fr\/#\/schema\/logo\/image\/","url":"https:\/\/mchconsultingusa.com\/wp-content\/uploads\/2020\/03\/monique-herzstein-mch-consulting-logo.png","contentUrl":"https:\/\/mchconsultingusa.com\/wp-content\/uploads\/2020\/03\/monique-herzstein-mch-consulting-logo.png","width":465,"height":287,"caption":"MCH Consulting - Monique Herzstein CPA"},"image":{"@id":"https:\/\/mchconsultingusa.com\/fr\/#\/schema\/logo\/image\/"}}]}},"uagb_featured_image_src":{"full":["https:\/\/mchconsultingusa.com\/wp-content\/uploads\/2020\/04\/mch-consulting-cpa-creation-entreprise-floride-2.jpg",881,565,false],"thumbnail":["https:\/\/mchconsultingusa.com\/wp-content\/uploads\/2020\/04\/mch-consulting-cpa-creation-entreprise-floride-2.jpg",150,96,false],"medium":["https:\/\/mchconsultingusa.com\/wp-content\/uploads\/2020\/04\/mch-consulting-cpa-creation-entreprise-floride-2.jpg",300,192,false],"medium_large":["https:\/\/mchconsultingusa.com\/wp-content\/uploads\/2020\/04\/mch-consulting-cpa-creation-entreprise-floride-2.jpg",768,493,false],"large":["https:\/\/mchconsultingusa.com\/wp-content\/uploads\/2020\/04\/mch-consulting-cpa-creation-entreprise-floride-2.jpg",881,565,false],"1536x1536":["https:\/\/mchconsultingusa.com\/wp-content\/uploads\/2020\/04\/mch-consulting-cpa-creation-entreprise-floride-2.jpg",881,565,false],"2048x2048":["https:\/\/mchconsultingusa.com\/wp-content\/uploads\/2020\/04\/mch-consulting-cpa-creation-entreprise-floride-2.jpg",881,565,false],"vertical":["https:\/\/mchconsultingusa.com\/wp-content\/uploads\/2020\/04\/mch-consulting-cpa-creation-entreprise-floride-2-240x535.jpg",240,535,true],"gform-image-choice-sm":["https:\/\/mchconsultingusa.com\/wp-content\/uploads\/2020\/04\/mch-consulting-cpa-creation-entreprise-floride-2.jpg",300,192,false],"gform-image-choice-md":["https:\/\/mchconsultingusa.com\/wp-content\/uploads\/2020\/04\/mch-consulting-cpa-creation-entreprise-floride-2.jpg",400,257,false],"gform-image-choice-lg":["https:\/\/mchconsultingusa.com\/wp-content\/uploads\/2020\/04\/mch-consulting-cpa-creation-entreprise-floride-2.jpg",600,385,false],"mailpoet_newsletter_max":["https:\/\/mchconsultingusa.com\/wp-content\/uploads\/2020\/04\/mch-consulting-cpa-creation-entreprise-floride-2.jpg",881,565,false],"woocommerce_thumbnail":["https:\/\/mchconsultingusa.com\/wp-content\/uploads\/2020\/04\/mch-consulting-cpa-creation-entreprise-floride-2-300x300.jpg",300,300,true],"woocommerce_single":["https:\/\/mchconsultingusa.com\/wp-content\/uploads\/2020\/04\/mch-consulting-cpa-creation-entreprise-floride-2-600x385.jpg",600,385,true],"woocommerce_gallery_thumbnail":["https:\/\/mchconsultingusa.com\/wp-content\/uploads\/2020\/04\/mch-consulting-cpa-creation-entreprise-floride-2-100x100.jpg",100,100,true]},"uagb_author_info":{"display_name":"Monique Herzstein","author_link":"https:\/\/mchconsultingusa.com\/fr\/author\/mch-consulting\/"},"uagb_comment_info":0,"uagb_excerpt":"Lancer une entreprise aux \u00c9tats-Unis implique plusieurs d\u00e9marches administratives et l\u00e9gales. Nous simplifions le processus en vous accompagnant dans l\u2019enregistrement de votre entreprise, le choix du statut juridique (LLC, Corporation, Partenariat), l&rsquo;obtention d\u2019un EIN, la r\u00e9daction des statuts et la mise en conformit\u00e9. Que vous soyez r\u00e9sident am\u00e9ricain ou entrepreneur \u00e9tranger, nous vous aidons \u00e0\u2026","jetpack_sharing_enabled":true,"_links":{"self":[{"href":"https:\/\/mchconsultingusa.com\/fr\/wp-json\/wp\/v2\/pages\/2837","targetHints":{"allow":["GET"]}}],"collection":[{"href":"https:\/\/mchconsultingusa.com\/fr\/wp-json\/wp\/v2\/pages"}],"about":[{"href":"https:\/\/mchconsultingusa.com\/fr\/wp-json\/wp\/v2\/types\/page"}],"author":[{"embeddable":true,"href":"https:\/\/mchconsultingusa.com\/fr\/wp-json\/wp\/v2\/users\/10"}],"replies":[{"embeddable":true,"href":"https:\/\/mchconsultingusa.com\/fr\/wp-json\/wp\/v2\/comments?post=2837"}],"version-history":[{"count":5,"href":"https:\/\/mchconsultingusa.com\/fr\/wp-json\/wp\/v2\/pages\/2837\/revisions"}],"predecessor-version":[{"id":4164,"href":"https:\/\/mchconsultingusa.com\/fr\/wp-json\/wp\/v2\/pages\/2837\/revisions\/4164"}],"up":[{"embeddable":true,"href":"https:\/\/mchconsultingusa.com\/fr\/wp-json\/wp\/v2\/pages\/2833"}],"wp:featuredmedia":[{"embeddable":true,"href":"https:\/\/mchconsultingusa.com\/fr\/wp-json\/wp\/v2\/media\/3082"}],"wp:attachment":[{"href":"https:\/\/mchconsultingusa.com\/fr\/wp-json\/wp\/v2\/media?parent=2837"}],"curies":[{"name":"wp","href":"https:\/\/api.w.org\/{rel}","templated":true}]}}