{"id":1950,"date":"2019-01-12T18:52:57","date_gmt":"2019-01-12T23:52:57","guid":{"rendered":"https:\/\/mchconsultingusa.com\/?page_id=1950"},"modified":"2025-02-26T10:45:08","modified_gmt":"2025-02-26T15:45:08","slug":"mch-consulting","status":"publish","type":"page","link":"https:\/\/mchconsultingusa.com\/fr\/a-propos-de-nous\/mch-consulting\/","title":{"rendered":"MCH Consulting"},"content":{"rendered":"\n<p>Notre objectif est de vous lib\u00e9rer des barri\u00e8res linguistiques, tout en vous faisant profiter efficacement des \u00abmeilleures pratiques\u00bb. Entour\u00e9 d\u2019experts fran\u00e7ais et am\u00e9ricains, MCH CONSULTING USA vous propose une gamme de services compl\u00e8te.<\/p>\n\n\n\n<h2 class=\"wp-block-heading\">Notre \u00e9quipe<\/h2>\n\n\n<div class=\"mch-members\"><article class=\"mch-member\">\r\n\t<div class=\"member-image\">\r\n\t\t<a href=\"https:\/\/mchconsultingusa.com\/fr\/members\/monique-herzstein\/\"><img loading=\"lazy\" decoding=\"async\" width=\"225\" height=\"300\" src=\"https:\/\/mchconsultingusa.com\/wp-content\/uploads\/2020\/01\/monique-herzstein-mch-consulting-expert-comptable-floride-2-225x300.jpg\" class=\"attachment-medium size-medium wp-post-image\" alt=\"monique-herzstein-mch-consulting-expert-comptable-floride-2\" srcset=\"https:\/\/mchconsultingusa.com\/wp-content\/uploads\/2020\/01\/monique-herzstein-mch-consulting-expert-comptable-floride-2-225x300.jpg 225w, https:\/\/mchconsultingusa.com\/wp-content\/uploads\/2020\/01\/monique-herzstein-mch-consulting-expert-comptable-floride-2.jpg 320w\" sizes=\"auto, (max-width: 225px) 100vw, 225px\" \/><\/a>\r\n\t<\/div>\r\n\t<h3 class=\"member-name\"><a href=\"https:\/\/mchconsultingusa.com\/fr\/members\/monique-herzstein\/\">Monique Herzstein<\/a><\/h3>\r\n\t<div class=\"member-position\">Co-fondateur<br>Expert-comptable<\/div>\r\n\t<div class=\"member-info\">Fondatrice de MCH Consulting USA apr\u00e8s plus de 10 ans pass\u00e9es en Floride, Monique Herzstein b\u00e9n\u00e9ficie d\u2019une solide exp\u00e9rience du terrain et du march\u00e9 et vous permettra d\u2019\u00e9viter la plupart des \u00e9cueils rencontr\u00e9s par de nombreuses entreprises lorsqu\u2019elles s\u2019implantent aux Etats-Unis.<\/div>\r\n\t<div class=\"member-social\">\r\n\t\t\t\t<div class=\"member-linkedin\"><a href=\"https:\/\/www.linkedin.com\/in\/monique-herzstein-90434b20\" target=\"_blank\"><i class=\"fa fa-linkedin-square\"><\/i><\/a><\/div>\r\n\t\t\t\t<div class=\"member-email\"><a href=\"\/a-propos-de-nous\/contact-mch-consulting\/\" target=\"_blank\"><i class=\"fa fa-envelope\"><\/i><\/a><\/div>\r\n\t<\/div>\r\n<\/article>\r\n\r\n<article class=\"mch-member\">\r\n\t<div class=\"member-image\">\r\n\t\t<a href=\"https:\/\/mchconsultingusa.com\/fr\/members\/fabrice-herzstein\/\"><img loading=\"lazy\" decoding=\"async\" width=\"232\" height=\"300\" src=\"https:\/\/mchconsultingusa.com\/wp-content\/uploads\/2020\/01\/fabrice-herzstein-mch-consulting-2025-232x300.jpg\" class=\"attachment-medium size-medium wp-post-image\" alt=\"fabrice-herzstein-mch-consulting-2025\" srcset=\"https:\/\/mchconsultingusa.com\/wp-content\/uploads\/2020\/01\/fabrice-herzstein-mch-consulting-2025-232x300.jpg 232w, https:\/\/mchconsultingusa.com\/wp-content\/uploads\/2020\/01\/fabrice-herzstein-mch-consulting-2025.jpg 416w\" sizes=\"auto, (max-width: 232px) 100vw, 232px\" \/><\/a>\r\n\t<\/div>\r\n\t<h3 class=\"member-name\"><a href=\"https:\/\/mchconsultingusa.com\/fr\/members\/fabrice-herzstein\/\">Fabrice Herzstein<\/a><\/h3>\r\n\t<div class=\"member-position\">Co-fondateur et Coordination Manager<\/div>\r\n\t<div class=\"member-info\">Co-fondateur de MCH Consulting USA, Fabrice Herzstein a plus de 35 ans d&rsquo;exp\u00e9rience entrepreneuriale dans de nombreux secteurs. Sa profonde compr\u00e9hension des op\u00e9rations commerciales et de la strat\u00e9gie financi\u00e8re permet aux clients de naviguer facilement dans la planification et la conformit\u00e9 fiscales. Il assure une coordination harmonieuse au sein de la soci\u00e9t\u00e9, aidant les entreprises [...]<\/div>\r\n\t<div class=\"member-social\">\r\n\t\t\t\t<div class=\"member-email\"><a href=\"\/a-propos-de-nous\/contact-mch-consulting\/\" target=\"_blank\"><i class=\"fa fa-envelope\"><\/i><\/a><\/div>\r\n\t<\/div>\r\n<\/article>\r\n\r\n<article class=\"mch-member\">\r\n\t<div class=\"member-image\">\r\n\t\t<a href=\"https:\/\/mchconsultingusa.com\/fr\/members\/lise-pinier\/\"><img loading=\"lazy\" decoding=\"async\" width=\"225\" height=\"300\" src=\"https:\/\/mchconsultingusa.com\/wp-content\/uploads\/2019\/04\/lise-pinier-mch-consulting-expert-comptable-floride.jpg\" class=\"attachment-medium size-medium wp-post-image\" alt=\"\" \/><\/a>\r\n\t<\/div>\r\n\t<h3 class=\"member-name\"><a href=\"https:\/\/mchconsultingusa.com\/fr\/members\/lise-pinier\/\">Lise Pinier<\/a><\/h3>\r\n\t<div class=\"member-position\">ATP - Tax and accounting manager<br>CAA<br>Fiscalit\u00e9 internationale<\/div>\r\n\t<div class=\"member-info\">Etude des impacts fiscaux sur les op\u00e9rations internationales des clients. Pr\u00e9paration des d\u00e9clarations de revenus am\u00e9ricaines (partenariats, soci\u00e9t\u00e9s, particuliers).<\/div>\r\n\t<div class=\"member-social\">\r\n\t\t\t\t<div class=\"member-linkedin\"><a href=\"https:\/\/www.linkedin.com\/in\/lise-pinier-01b65243\/\" target=\"_blank\"><i class=\"fa fa-linkedin-square\"><\/i><\/a><\/div>\r\n\t\t\t\t<div class=\"member-email\"><a href=\"\/a-propos-de-nous\/contact-mch-consulting\/\" target=\"_blank\"><i class=\"fa fa-envelope\"><\/i><\/a><\/div>\r\n\t<\/div>\r\n<\/article>\r\n\r\n<article class=\"mch-member\">\r\n\t<div class=\"member-image\">\r\n\t\t<a href=\"https:\/\/mchconsultingusa.com\/fr\/members\/poonam\/\"><img loading=\"lazy\" decoding=\"async\" width=\"225\" height=\"300\" src=\"https:\/\/mchconsultingusa.com\/wp-content\/uploads\/2025\/02\/mch-consulting-poonam-cpa-225x300.jpg\" class=\"attachment-medium size-medium wp-post-image\" alt=\"\" srcset=\"https:\/\/mchconsultingusa.com\/wp-content\/uploads\/2025\/02\/mch-consulting-poonam-cpa-225x300.jpg 225w, https:\/\/mchconsultingusa.com\/wp-content\/uploads\/2025\/02\/mch-consulting-poonam-cpa.jpg 540w\" sizes=\"auto, (max-width: 225px) 100vw, 225px\" \/><\/a>\r\n\t<\/div>\r\n\t<h3 class=\"member-name\"><a href=\"https:\/\/mchconsultingusa.com\/fr\/members\/poonam\/\">Poonam<\/a><\/h3>\r\n\t<div class=\"member-position\">Certified Public Accountant<\/div>\r\n\t<div class=\"member-info\">CPA chez MCH Consulting USA, Poonam apporte une grande expertise en mati\u00e8re de fiscalit\u00e9 et de comptabilit\u00e9 canadiennes. Sa connaissance approfondie de la fiscalit\u00e9 transfrontali\u00e8re permet aux clients de b\u00e9n\u00e9ficier de conseils pr\u00e9cis en mati\u00e8re de conformit\u00e9 et de planification financi\u00e8re. D\u00e9vou\u00e9e et soucieuse du d\u00e9tail, elle aide les entreprises \u00e0 naviguer dans des r\u00e9glementations [...]<\/div>\r\n\t<div class=\"member-social\">\r\n\t\t\t\t<div class=\"member-email\"><a href=\"\/a-propos-de-nous\/contact-mch-consulting\/\" target=\"_blank\"><i class=\"fa fa-envelope\"><\/i><\/a><\/div>\r\n\t<\/div>\r\n<\/article>\r\n\r\n<article class=\"mch-member\">\r\n\t<div class=\"member-image\">\r\n\t\t<a href=\"https:\/\/mchconsultingusa.com\/fr\/members\/ruben-herzstein\/\"><img loading=\"lazy\" decoding=\"async\" width=\"225\" height=\"300\" src=\"https:\/\/mchconsultingusa.com\/wp-content\/uploads\/2020\/01\/ruben-herzstein-mch-consulting-2-225x300.jpg\" class=\"attachment-medium size-medium wp-post-image\" alt=\"ruben-herzstein-mch-consulting-2\" srcset=\"https:\/\/mchconsultingusa.com\/wp-content\/uploads\/2020\/01\/ruben-herzstein-mch-consulting-2-225x300.jpg 225w, https:\/\/mchconsultingusa.com\/wp-content\/uploads\/2020\/01\/ruben-herzstein-mch-consulting-2-600x800.jpg 600w, https:\/\/mchconsultingusa.com\/wp-content\/uploads\/2020\/01\/ruben-herzstein-mch-consulting-2-768x1024.jpg 768w, https:\/\/mchconsultingusa.com\/wp-content\/uploads\/2020\/01\/ruben-herzstein-mch-consulting-2-1152x1536.jpg 1152w, https:\/\/mchconsultingusa.com\/wp-content\/uploads\/2020\/01\/ruben-herzstein-mch-consulting-2.jpg 1256w\" sizes=\"auto, (max-width: 225px) 100vw, 225px\" \/><\/a>\r\n\t<\/div>\r\n\t<h3 class=\"member-name\"><a href=\"https:\/\/mchconsultingusa.com\/fr\/members\/ruben-herzstein\/\">Ruben Herzstein<\/a><\/h3>\r\n\t<div class=\"member-position\">COO - Tax Accountant<\/div>\r\n\t<div class=\"member-info\">Directeur de l&rsquo;exploitation de MCH Consulting USA, Ruben poss\u00e8de une solide exp\u00e9rience de la gestion des affaires et des op\u00e9rations. Son expertise en mati\u00e8re de planification strat\u00e9gique et de supervision financi\u00e8re permet \u00e0 l&rsquo;entreprise de fonctionner efficacement tout en fournissant des services de premier ordre. Il se consacre \u00e0 aider les entreprises \u00e0 rationaliser leurs [...]<\/div>\r\n\t<div class=\"member-social\">\r\n\t\t\t\t<div class=\"member-email\"><a href=\"\/a-propos-de-nous\/contact-mch-consulting\/\" target=\"_blank\"><i class=\"fa fa-envelope\"><\/i><\/a><\/div>\r\n\t<\/div>\r\n<\/article>\r\n\r\n<article class=\"mch-member\">\r\n\t<div class=\"member-image\">\r\n\t\t<a href=\"https:\/\/mchconsultingusa.com\/fr\/members\/alain-rodriguez\/\"><img loading=\"lazy\" decoding=\"async\" width=\"225\" height=\"300\" src=\"https:\/\/mchconsultingusa.com\/wp-content\/uploads\/2020\/05\/alain-rodriguez-mch-consulting-expert-comptable-floride.jpg\" class=\"attachment-medium size-medium wp-post-image\" alt=\"alain-rodriguez-mch-consulting-expert-comptable-floride\" \/><\/a>\r\n\t<\/div>\r\n\t<h3 class=\"member-name\"><a href=\"https:\/\/mchconsultingusa.com\/fr\/members\/alain-rodriguez\/\">Alain Rodriguez<\/a><\/h3>\r\n\t<div class=\"member-position\">Certified Public Accountant<\/div>\r\n\t<div class=\"member-info\">Alain Rodriguez, CPA, MST apporte 10 ann\u00e9es d'expertise en comptabilit\u00e9, principalement dans le domaine fiscal pour les entreprises et les particuliers. <\/div>\r\n\t<div class=\"member-social\">\r\n\t\t\t\t<div class=\"member-email\"><a href=\"\/a-propos-de-nous\/contact-mch-consulting\/\" target=\"_blank\"><i class=\"fa fa-envelope\"><\/i><\/a><\/div>\r\n\t<\/div>\r\n<\/article>\r\n\r\n<article class=\"mch-member\">\r\n\t<div class=\"member-image\">\r\n\t\t<a href=\"https:\/\/mchconsultingusa.com\/fr\/members\/daniela-bachvarova\/\"><img loading=\"lazy\" decoding=\"async\" width=\"225\" height=\"300\" src=\"https:\/\/mchconsultingusa.com\/wp-content\/uploads\/2019\/02\/daniela-bachvarova-mch-consulting-expert-comptable-floride.jpg\" class=\"attachment-medium size-medium wp-post-image\" alt=\"daniela-bachvarova-mch-consulting-expert-comptable-floride\" \/><\/a>\r\n\t<\/div>\r\n\t<h3 class=\"member-name\"><a href=\"https:\/\/mchconsultingusa.com\/fr\/members\/daniela-bachvarova\/\">Daniela Bachvarova<\/a><\/h3>\r\n\t<div class=\"member-position\">Assistante administrative<\/div>\r\n\t<div class=\"member-info\">Assistante administrative chez MCH Consulting USA, Daniela est la personne de r\u00e9f\u00e9rence pour tous les besoins des clients. Gr\u00e2ce \u00e0 ses comp\u00e9tences organisationnelles exceptionnelles et \u00e0 son souci du d\u00e9tail, elle assure le bon d\u00e9roulement des op\u00e9rations quotidiennes. Toujours pr\u00eate \u00e0 r\u00e9pondre, elle apporte un soutien et des conseils rapides, rendant ainsi l&rsquo;exp\u00e9rience de chaque [...]<\/div>\r\n\t<div class=\"member-social\">\r\n\t\t\t\t<div class=\"member-email\"><a href=\"\/a-propos-de-nous\/contact-mch-consulting\/\" target=\"_blank\"><i class=\"fa fa-envelope\"><\/i><\/a><\/div>\r\n\t<\/div>\r\n<\/article>\r\n\r\n<article class=\"mch-member\">\r\n\t<div class=\"member-image\">\r\n\t\t<a href=\"https:\/\/mchconsultingusa.com\/fr\/members\/christian\/\"><img loading=\"lazy\" decoding=\"async\" width=\"225\" height=\"300\" src=\"https:\/\/mchconsultingusa.com\/wp-content\/uploads\/2026\/01\/christian-it-technician-mch-consulting-225x300.jpg\" class=\"attachment-medium size-medium wp-post-image\" alt=\"christian-it-technician-mch-consulting\" srcset=\"https:\/\/mchconsultingusa.com\/wp-content\/uploads\/2026\/01\/christian-it-technician-mch-consulting-225x300.jpg 225w, https:\/\/mchconsultingusa.com\/wp-content\/uploads\/2026\/01\/christian-it-technician-mch-consulting-768x1024.jpg 768w, https:\/\/mchconsultingusa.com\/wp-content\/uploads\/2026\/01\/christian-it-technician-mch-consulting-1152x1536.jpg 1152w, https:\/\/mchconsultingusa.com\/wp-content\/uploads\/2026\/01\/christian-it-technician-mch-consulting-600x800.jpg 600w, https:\/\/mchconsultingusa.com\/wp-content\/uploads\/2026\/01\/christian-it-technician-mch-consulting.jpg 1256w\" sizes=\"auto, (max-width: 225px) 100vw, 225px\" \/><\/a>\r\n\t<\/div>\r\n\t<h3 class=\"member-name\"><a href=\"https:\/\/mchconsultingusa.com\/fr\/members\/christian\/\">Christian Yazdani<\/a><\/h3>\r\n\t<div class=\"member-position\">Sp\u00e9cialiste informatique<\/div>\r\n\t<div class=\"member-info\"><\/div>\r\n\t<div class=\"member-social\">\r\n\t\t\t\t<div class=\"member-email\"><a href=\"\/a-propos-de-nous\/contact-mch-consulting\/\" target=\"_blank\"><i class=\"fa fa-envelope\"><\/i><\/a><\/div>\r\n\t<\/div>\r\n<\/article>\r\n\r\n<\/div>\n\n\n\n<h3 class=\"wp-block-heading clear-left\">Collaborateurs<\/h3>\n\n\n\n<ul class=\"wp-block-list\">\n<li>Oussane Berraqui<\/li>\n\n\n\n<li>Barthelemy Arbona<\/li>\n\n\n\n<li>Driss Ouabib<\/li>\n\n\n\n<li>Eric Ducher<\/li>\n<\/ul>\n","protected":false},"excerpt":{"rendered":"<p>Notre objectif est de vous lib\u00e9rer des barri\u00e8res linguistiques, tout en vous faisant profiter efficacement des \u00abmeilleures pratiques\u00bb. Entour\u00e9 d\u2019experts fran\u00e7ais et am\u00e9ricains, MCH CONSULTING USA vous propose une gamme de services compl\u00e8te. Notre \u00e9quipe Collaborateurs<\/p>\n","protected":false},"author":10,"featured_media":2737,"parent":52,"menu_order":0,"comment_status":"closed","ping_status":"closed","template":"page-blank-sub-nav-vertical.php","meta":{"_acf_changed":false,"_uag_custom_page_level_css":"","footnotes":""},"class_list":["post-1950","page","type-page","status-publish","has-post-thumbnail","hentry"],"acf":[],"yoast_head":"<!-- This site is optimized with the Yoast SEO plugin v26.7 - https:\/\/yoast.com\/wordpress\/plugins\/seo\/ -->\n<title>A propos de MCH Consulting<\/title>\n<meta name=\"robots\" content=\"index, follow, max-snippet:-1, max-image-preview:large, max-video-preview:-1\" \/>\n<link rel=\"canonical\" href=\"https:\/\/mchconsultingusa.com\/fr\/a-propos-de-nous\/mch-consulting\/\" \/>\n<meta property=\"og:locale\" content=\"fr_FR\" \/>\n<meta property=\"og:type\" content=\"article\" \/>\n<meta property=\"og:title\" content=\"A propos de MCH Consulting\" \/>\n<meta property=\"og:description\" content=\"Notre objectif est de vous lib\u00e9rer des barri\u00e8res linguistiques, tout en vous faisant profiter efficacement des \u00abmeilleures pratiques\u00bb. Entour\u00e9 d\u2019experts fran\u00e7ais et am\u00e9ricains, MCH CONSULTING USA vous propose une gamme de services compl\u00e8te. Notre \u00e9quipe Collaborateurs\" \/>\n<meta property=\"og:url\" content=\"https:\/\/mchconsultingusa.com\/fr\/a-propos-de-nous\/mch-consulting\/\" \/>\n<meta property=\"og:site_name\" content=\"MCH Consulting USA\" \/>\n<meta property=\"article:modified_time\" content=\"2025-02-26T15:45:08+00:00\" \/>\n<meta property=\"og:image\" content=\"https:\/\/mchconsultingusa.com\/wp-content\/uploads\/2020\/03\/monique-herzstein-mch-consulting-logo-min.png\" \/>\n\t<meta property=\"og:image:width\" content=\"401\" \/>\n\t<meta property=\"og:image:height\" content=\"200\" \/>\n\t<meta property=\"og:image:type\" content=\"image\/png\" \/>\n<meta name=\"twitter:card\" content=\"summary_large_image\" \/>\n<meta name=\"twitter:label1\" content=\"Dur\u00e9e de lecture estim\u00e9e\" \/>\n\t<meta name=\"twitter:data1\" content=\"1 minute\" \/>\n<script type=\"application\/ld+json\" class=\"yoast-schema-graph\">{\"@context\":\"https:\/\/schema.org\",\"@graph\":[{\"@type\":\"WebPage\",\"@id\":\"https:\/\/mchconsultingusa.com\/fr\/a-propos-de-nous\/mch-consulting\/\",\"url\":\"https:\/\/mchconsultingusa.com\/fr\/a-propos-de-nous\/mch-consulting\/\",\"name\":\"A propos de MCH Consulting\",\"isPartOf\":{\"@id\":\"https:\/\/mchconsultingusa.com\/fr\/#website\"},\"primaryImageOfPage\":{\"@id\":\"https:\/\/mchconsultingusa.com\/fr\/a-propos-de-nous\/mch-consulting\/#primaryimage\"},\"image\":{\"@id\":\"https:\/\/mchconsultingusa.com\/fr\/a-propos-de-nous\/mch-consulting\/#primaryimage\"},\"thumbnailUrl\":\"https:\/\/mchconsultingusa.com\/wp-content\/uploads\/2020\/03\/monique-herzstein-mch-consulting-logo-min.png\",\"datePublished\":\"2019-01-12T23:52:57+00:00\",\"dateModified\":\"2025-02-26T15:45:08+00:00\",\"breadcrumb\":{\"@id\":\"https:\/\/mchconsultingusa.com\/fr\/a-propos-de-nous\/mch-consulting\/#breadcrumb\"},\"inLanguage\":\"fr-FR\",\"potentialAction\":[{\"@type\":\"ReadAction\",\"target\":[\"https:\/\/mchconsultingusa.com\/fr\/a-propos-de-nous\/mch-consulting\/\"]}]},{\"@type\":\"ImageObject\",\"inLanguage\":\"fr-FR\",\"@id\":\"https:\/\/mchconsultingusa.com\/fr\/a-propos-de-nous\/mch-consulting\/#primaryimage\",\"url\":\"https:\/\/mchconsultingusa.com\/wp-content\/uploads\/2020\/03\/monique-herzstein-mch-consulting-logo-min.png\",\"contentUrl\":\"https:\/\/mchconsultingusa.com\/wp-content\/uploads\/2020\/03\/monique-herzstein-mch-consulting-logo-min.png\",\"width\":401,\"height\":200},{\"@type\":\"BreadcrumbList\",\"@id\":\"https:\/\/mchconsultingusa.com\/fr\/a-propos-de-nous\/mch-consulting\/#breadcrumb\",\"itemListElement\":[{\"@type\":\"ListItem\",\"position\":1,\"name\":\"MCH Consulting\",\"item\":\"https:\/\/mchconsultingusa.com\/fr\/\"},{\"@type\":\"ListItem\",\"position\":2,\"name\":\"A propos de nous\",\"item\":\"https:\/\/mchconsultingusa.com\/fr\/a-propos-de-nous\/\"},{\"@type\":\"ListItem\",\"position\":3,\"name\":\"MCH Consulting\"}]},{\"@type\":\"WebSite\",\"@id\":\"https:\/\/mchconsultingusa.com\/fr\/#website\",\"url\":\"https:\/\/mchconsultingusa.com\/fr\/\",\"name\":\"MCH Consulting USA\",\"description\":\"Votre partenaire comptable aux USA\",\"publisher\":{\"@id\":\"https:\/\/mchconsultingusa.com\/fr\/#organization\"},\"potentialAction\":[{\"@type\":\"SearchAction\",\"target\":{\"@type\":\"EntryPoint\",\"urlTemplate\":\"https:\/\/mchconsultingusa.com\/fr\/?s={search_term_string}\"},\"query-input\":{\"@type\":\"PropertyValueSpecification\",\"valueRequired\":true,\"valueName\":\"search_term_string\"}}],\"inLanguage\":\"fr-FR\"},{\"@type\":\"Organization\",\"@id\":\"https:\/\/mchconsultingusa.com\/fr\/#organization\",\"name\":\"MCH Consulting - Monique Herzstein CPA\",\"url\":\"https:\/\/mchconsultingusa.com\/fr\/\",\"logo\":{\"@type\":\"ImageObject\",\"inLanguage\":\"fr-FR\",\"@id\":\"https:\/\/mchconsultingusa.com\/fr\/#\/schema\/logo\/image\/\",\"url\":\"https:\/\/mchconsultingusa.com\/wp-content\/uploads\/2020\/03\/monique-herzstein-mch-consulting-logo.png\",\"contentUrl\":\"https:\/\/mchconsultingusa.com\/wp-content\/uploads\/2020\/03\/monique-herzstein-mch-consulting-logo.png\",\"width\":465,\"height\":287,\"caption\":\"MCH Consulting - Monique Herzstein CPA\"},\"image\":{\"@id\":\"https:\/\/mchconsultingusa.com\/fr\/#\/schema\/logo\/image\/\"}}]}<\/script>\n<!-- \/ Yoast SEO plugin. -->","yoast_head_json":{"title":"A propos de MCH Consulting","robots":{"index":"index","follow":"follow","max-snippet":"max-snippet:-1","max-image-preview":"max-image-preview:large","max-video-preview":"max-video-preview:-1"},"canonical":"https:\/\/mchconsultingusa.com\/fr\/a-propos-de-nous\/mch-consulting\/","og_locale":"fr_FR","og_type":"article","og_title":"A propos de MCH Consulting","og_description":"Notre objectif est de vous lib\u00e9rer des barri\u00e8res linguistiques, tout en vous faisant profiter efficacement des \u00abmeilleures pratiques\u00bb. Entour\u00e9 d\u2019experts fran\u00e7ais et am\u00e9ricains, MCH CONSULTING USA vous propose une gamme de services compl\u00e8te. Notre \u00e9quipe Collaborateurs","og_url":"https:\/\/mchconsultingusa.com\/fr\/a-propos-de-nous\/mch-consulting\/","og_site_name":"MCH Consulting USA","article_modified_time":"2025-02-26T15:45:08+00:00","og_image":[{"width":401,"height":200,"url":"https:\/\/mchconsultingusa.com\/wp-content\/uploads\/2020\/03\/monique-herzstein-mch-consulting-logo-min.png","type":"image\/png"}],"twitter_card":"summary_large_image","twitter_misc":{"Dur\u00e9e de lecture estim\u00e9e":"1 minute"},"schema":{"@context":"https:\/\/schema.org","@graph":[{"@type":"WebPage","@id":"https:\/\/mchconsultingusa.com\/fr\/a-propos-de-nous\/mch-consulting\/","url":"https:\/\/mchconsultingusa.com\/fr\/a-propos-de-nous\/mch-consulting\/","name":"A propos de MCH Consulting","isPartOf":{"@id":"https:\/\/mchconsultingusa.com\/fr\/#website"},"primaryImageOfPage":{"@id":"https:\/\/mchconsultingusa.com\/fr\/a-propos-de-nous\/mch-consulting\/#primaryimage"},"image":{"@id":"https:\/\/mchconsultingusa.com\/fr\/a-propos-de-nous\/mch-consulting\/#primaryimage"},"thumbnailUrl":"https:\/\/mchconsultingusa.com\/wp-content\/uploads\/2020\/03\/monique-herzstein-mch-consulting-logo-min.png","datePublished":"2019-01-12T23:52:57+00:00","dateModified":"2025-02-26T15:45:08+00:00","breadcrumb":{"@id":"https:\/\/mchconsultingusa.com\/fr\/a-propos-de-nous\/mch-consulting\/#breadcrumb"},"inLanguage":"fr-FR","potentialAction":[{"@type":"ReadAction","target":["https:\/\/mchconsultingusa.com\/fr\/a-propos-de-nous\/mch-consulting\/"]}]},{"@type":"ImageObject","inLanguage":"fr-FR","@id":"https:\/\/mchconsultingusa.com\/fr\/a-propos-de-nous\/mch-consulting\/#primaryimage","url":"https:\/\/mchconsultingusa.com\/wp-content\/uploads\/2020\/03\/monique-herzstein-mch-consulting-logo-min.png","contentUrl":"https:\/\/mchconsultingusa.com\/wp-content\/uploads\/2020\/03\/monique-herzstein-mch-consulting-logo-min.png","width":401,"height":200},{"@type":"BreadcrumbList","@id":"https:\/\/mchconsultingusa.com\/fr\/a-propos-de-nous\/mch-consulting\/#breadcrumb","itemListElement":[{"@type":"ListItem","position":1,"name":"MCH Consulting","item":"https:\/\/mchconsultingusa.com\/fr\/"},{"@type":"ListItem","position":2,"name":"A propos de nous","item":"https:\/\/mchconsultingusa.com\/fr\/a-propos-de-nous\/"},{"@type":"ListItem","position":3,"name":"MCH Consulting"}]},{"@type":"WebSite","@id":"https:\/\/mchconsultingusa.com\/fr\/#website","url":"https:\/\/mchconsultingusa.com\/fr\/","name":"MCH Consulting USA","description":"Votre partenaire comptable aux USA","publisher":{"@id":"https:\/\/mchconsultingusa.com\/fr\/#organization"},"potentialAction":[{"@type":"SearchAction","target":{"@type":"EntryPoint","urlTemplate":"https:\/\/mchconsultingusa.com\/fr\/?s={search_term_string}"},"query-input":{"@type":"PropertyValueSpecification","valueRequired":true,"valueName":"search_term_string"}}],"inLanguage":"fr-FR"},{"@type":"Organization","@id":"https:\/\/mchconsultingusa.com\/fr\/#organization","name":"MCH Consulting - Monique Herzstein CPA","url":"https:\/\/mchconsultingusa.com\/fr\/","logo":{"@type":"ImageObject","inLanguage":"fr-FR","@id":"https:\/\/mchconsultingusa.com\/fr\/#\/schema\/logo\/image\/","url":"https:\/\/mchconsultingusa.com\/wp-content\/uploads\/2020\/03\/monique-herzstein-mch-consulting-logo.png","contentUrl":"https:\/\/mchconsultingusa.com\/wp-content\/uploads\/2020\/03\/monique-herzstein-mch-consulting-logo.png","width":465,"height":287,"caption":"MCH Consulting - Monique Herzstein CPA"},"image":{"@id":"https:\/\/mchconsultingusa.com\/fr\/#\/schema\/logo\/image\/"}}]}},"uagb_featured_image_src":{"full":["https:\/\/mchconsultingusa.com\/wp-content\/uploads\/2020\/03\/monique-herzstein-mch-consulting-logo-min.png",401,200,false],"thumbnail":["https:\/\/mchconsultingusa.com\/wp-content\/uploads\/2020\/03\/monique-herzstein-mch-consulting-logo-min.png",150,75,false],"medium":["https:\/\/mchconsultingusa.com\/wp-content\/uploads\/2020\/03\/monique-herzstein-mch-consulting-logo-min.png",300,150,false],"medium_large":["https:\/\/mchconsultingusa.com\/wp-content\/uploads\/2020\/03\/monique-herzstein-mch-consulting-logo-min.png",401,200,false],"large":["https:\/\/mchconsultingusa.com\/wp-content\/uploads\/2020\/03\/monique-herzstein-mch-consulting-logo-min.png",401,200,false],"1536x1536":["https:\/\/mchconsultingusa.com\/wp-content\/uploads\/2020\/03\/monique-herzstein-mch-consulting-logo-min.png",401,200,false],"2048x2048":["https:\/\/mchconsultingusa.com\/wp-content\/uploads\/2020\/03\/monique-herzstein-mch-consulting-logo-min.png",401,200,false],"vertical":["https:\/\/mchconsultingusa.com\/wp-content\/uploads\/2020\/03\/monique-herzstein-mch-consulting-logo-min-240x200.png",240,200,true],"gform-image-choice-sm":["https:\/\/mchconsultingusa.com\/wp-content\/uploads\/2020\/03\/monique-herzstein-mch-consulting-logo-min.png",300,150,false],"gform-image-choice-md":["https:\/\/mchconsultingusa.com\/wp-content\/uploads\/2020\/03\/monique-herzstein-mch-consulting-logo-min.png",400,200,false],"gform-image-choice-lg":["https:\/\/mchconsultingusa.com\/wp-content\/uploads\/2020\/03\/monique-herzstein-mch-consulting-logo-min.png",401,200,false],"mailpoet_newsletter_max":["https:\/\/mchconsultingusa.com\/wp-content\/uploads\/2020\/03\/monique-herzstein-mch-consulting-logo-min.png",401,200,false],"woocommerce_thumbnail":["https:\/\/mchconsultingusa.com\/wp-content\/uploads\/2020\/03\/monique-herzstein-mch-consulting-logo-min-300x200.png",300,200,true],"woocommerce_single":["https:\/\/mchconsultingusa.com\/wp-content\/uploads\/2020\/03\/monique-herzstein-mch-consulting-logo-min.png",401,200,false],"woocommerce_gallery_thumbnail":["https:\/\/mchconsultingusa.com\/wp-content\/uploads\/2020\/03\/monique-herzstein-mch-consulting-logo-min-100x100.png",100,100,true]},"uagb_author_info":{"display_name":"Monique Herzstein","author_link":"https:\/\/mchconsultingusa.com\/fr\/author\/mch-consulting\/"},"uagb_comment_info":0,"uagb_excerpt":"Notre objectif est de vous lib\u00e9rer des barri\u00e8res linguistiques, tout en vous faisant profiter efficacement des \u00abmeilleures pratiques\u00bb. Entour\u00e9 d\u2019experts fran\u00e7ais et am\u00e9ricains, MCH CONSULTING USA vous propose une gamme de services compl\u00e8te. Notre \u00e9quipe Collaborateurs","jetpack_sharing_enabled":true,"_links":{"self":[{"href":"https:\/\/mchconsultingusa.com\/fr\/wp-json\/wp\/v2\/pages\/1950","targetHints":{"allow":["GET"]}}],"collection":[{"href":"https:\/\/mchconsultingusa.com\/fr\/wp-json\/wp\/v2\/pages"}],"about":[{"href":"https:\/\/mchconsultingusa.com\/fr\/wp-json\/wp\/v2\/types\/page"}],"author":[{"embeddable":true,"href":"https:\/\/mchconsultingusa.com\/fr\/wp-json\/wp\/v2\/users\/10"}],"replies":[{"embeddable":true,"href":"https:\/\/mchconsultingusa.com\/fr\/wp-json\/wp\/v2\/comments?post=1950"}],"version-history":[{"count":16,"href":"https:\/\/mchconsultingusa.com\/fr\/wp-json\/wp\/v2\/pages\/1950\/revisions"}],"predecessor-version":[{"id":4028,"href":"https:\/\/mchconsultingusa.com\/fr\/wp-json\/wp\/v2\/pages\/1950\/revisions\/4028"}],"up":[{"embeddable":true,"href":"https:\/\/mchconsultingusa.com\/fr\/wp-json\/wp\/v2\/pages\/52"}],"wp:featuredmedia":[{"embeddable":true,"href":"https:\/\/mchconsultingusa.com\/fr\/wp-json\/wp\/v2\/media\/2737"}],"wp:attachment":[{"href":"https:\/\/mchconsultingusa.com\/fr\/wp-json\/wp\/v2\/media?parent=1950"}],"curies":[{"name":"wp","href":"https:\/\/api.w.org\/{rel}","templated":true}]}}